{"id":4476,"date":"2026-01-24T19:46:25","date_gmt":"2026-01-24T19:46:25","guid":{"rendered":"https:\/\/moonbrewmagic.com\/product\/huile-pour-le-bonheur-en-bocal\/"},"modified":"2026-01-24T19:46:25","modified_gmt":"2026-01-24T19:46:25","slug":"huile-pour-le-bonheur-en-bocal","status":"publish","type":"product","link":"https:\/\/moonbrewmagic.com\/fr\/produit\/huile-pour-le-bonheur-en-bocal\/","title":{"rendered":"Huile pour le bonheur en bocal"},"content":{"rendered":"<p>Illuminez votre journ\u00e9e avec notre huile rituelle Happiness in a Jar, un d\u00e9licieux m\u00e9lange con\u00e7u pour \u00e9lever votre esprit et attirer les ondes positives. Id\u00e9ale pour les moments o\u00f9 vous vous r\u00e9veillez du mauvais pied ou lorsque vous avez besoin de changer une journ\u00e9e difficile, cette huile est id\u00e9ale pour vous remonter le moral instantan\u00e9ment. Appliquez-la sur vos points de pulsation ou incorporez-la \u00e0 vos rituels quotidiens pour changer votre \u00e9nergie. Que vous ayez besoin d&rsquo;un remontant matinal ou d&rsquo;un rafra\u00eechissement en milieu de journ\u00e9e, ce m\u00e9lange joyeux vous aidera \u00e0 renverser vos sourcils et \u00e0 insuffler du bonheur \u00e0 votre journ\u00e9e.   <\/p>\n","protected":false},"excerpt":{"rendered":"<p>Illuminez votre journ\u00e9e avec notre huile rituelle Happiness in a Jar, un d\u00e9licieux m\u00e9lange con\u00e7u pour \u00e9lever votre esprit et [&hellip;]<\/p>\n","protected":false},"featured_media":2146,"template":"","meta":{"site-sidebar-layout":"default","site-content-layout":"","ast-site-content-layout":"default","site-content-style":"default","site-sidebar-style":"default","ast-global-header-display":"","ast-banner-title-visibility":"","ast-main-header-display":"","ast-hfb-above-header-display":"","ast-hfb-below-header-display":"","ast-hfb-mobile-header-display":"","site-post-title":"","ast-breadcrumbs-content":"","ast-featured-img":"","footer-sml-layout":"","ast-disable-related-posts":"","theme-transparent-header-meta":"default","adv-header-id-meta":"","stick-header-meta":"","header-above-stick-meta":"","header-main-stick-meta":"","header-below-stick-meta":"","astra-migrate-meta-layouts":"default","ast-page-background-enabled":"default","ast-page-background-meta":{"desktop":{"background-color":"var(--ast-global-color-5)","background-image":"","background-repeat":"repeat","background-position":"center center","background-size":"auto","background-attachment":"scroll","background-type":"","background-media":"","overlay-type":"","overlay-color":"","overlay-opacity":"","overlay-gradient":""},"tablet":{"background-color":"","background-image":"","background-repeat":"repeat","background-position":"center center","background-size":"auto","background-attachment":"scroll","background-type":"","background-media":"","overlay-type":"","overlay-color":"","overlay-opacity":"","overlay-gradient":""},"mobile":{"background-color":"","background-image":"","background-repeat":"repeat","background-position":"center center","background-size":"auto","background-attachment":"scroll","background-type":"","background-media":"","overlay-type":"","overlay-color":"","overlay-opacity":"","overlay-gradient":""}},"ast-content-background-meta":{"desktop":{"background-color":"var(--ast-global-color-4)","background-image":"","background-repeat":"repeat","background-position":"center center","background-size":"auto","background-attachment":"scroll","background-type":"","background-media":"","overlay-type":"","overlay-color":"","overlay-opacity":"","overlay-gradient":""},"tablet":{"background-color":"var(--ast-global-color-4)","background-image":"","background-repeat":"repeat","background-position":"center center","background-size":"auto","background-attachment":"scroll","background-type":"","background-media":"","overlay-type":"","overlay-color":"","overlay-opacity":"","overlay-gradient":""},"mobile":{"background-color":"var(--ast-global-color-4)","background-image":"","background-repeat":"repeat","background-position":"center center","background-size":"auto","background-attachment":"scroll","background-type":"","background-media":"","overlay-type":"","overlay-color":"","overlay-opacity":"","overlay-gradient":""}}},"product_brand":[],"product_cat":[70],"product_tag":[],"class_list":{"0":"post-4476","1":"product","2":"type-product","3":"status-publish","4":"has-post-thumbnail","6":"wc_square_synced-yes","7":"product_cat-huiles","8":"desktop-align-left","9":"tablet-align-left","10":"mobile-align-left","12":"first","13":"instock","14":"taxable","15":"shipping-taxable","16":"purchasable","17":"product-type-simple"},"_links":{"self":[{"href":"https:\/\/moonbrewmagic.com\/fr\/wp-json\/wp\/v2\/product\/4476","targetHints":{"allow":["GET"]}}],"collection":[{"href":"https:\/\/moonbrewmagic.com\/fr\/wp-json\/wp\/v2\/product"}],"about":[{"href":"https:\/\/moonbrewmagic.com\/fr\/wp-json\/wp\/v2\/types\/product"}],"wp:featuredmedia":[{"embeddable":true,"href":"https:\/\/moonbrewmagic.com\/fr\/wp-json\/wp\/v2\/media\/2146"}],"wp:attachment":[{"href":"https:\/\/moonbrewmagic.com\/fr\/wp-json\/wp\/v2\/media?parent=4476"}],"wp:term":[{"taxonomy":"product_brand","embeddable":true,"href":"https:\/\/moonbrewmagic.com\/fr\/wp-json\/wp\/v2\/product_brand?post=4476"},{"taxonomy":"product_cat","embeddable":true,"href":"https:\/\/moonbrewmagic.com\/fr\/wp-json\/wp\/v2\/product_cat?post=4476"},{"taxonomy":"product_tag","embeddable":true,"href":"https:\/\/moonbrewmagic.com\/fr\/wp-json\/wp\/v2\/product_tag?post=4476"}],"curies":[{"name":"wp","href":"https:\/\/api.w.org\/{rel}","templated":true}]}}