{"id":4467,"date":"2026-01-17T14:22:06","date_gmt":"2026-01-17T14:22:06","guid":{"rendered":"https:\/\/moonbrewmagic.com\/product\/jeu-de-tarot-smith-waite-sans-bordure\/"},"modified":"2026-01-17T14:22:06","modified_gmt":"2026-01-17T14:22:06","slug":"jeu-de-tarot-smith-waite-sans-bordure","status":"publish","type":"product","link":"https:\/\/moonbrewmagic.com\/fr\/produit\/jeu-de-tarot-smith-waite-sans-bordure\/","title":{"rendered":"Jeu de tarot Smith-Waite sans bordure"},"content":{"rendered":"<p>Le tarot de Pamela Colman Smith, cr\u00e9\u00e9 en 1909 sous la direction d&rsquo;Arthur E. Waite, est maintenant pr\u00e9sent\u00e9 dans un format sans bordure pour une exp\u00e9rience de lecture plus immersive. Ce jeu de 84 cartes comprend quatre cartes suppl\u00e9mentaires avec des reproductions d&rsquo;\u0153uvres d&rsquo;art de Pixie autres que le tarot, dont deux aquarelles \u00ab\u00a0Catch Me\u00a0\u00bb et \u00ab\u00a0Duet\u00a0\u00bb ; l&rsquo;illustration \u00ab\u00a0Lovers\u00a0\u00bb de la pi\u00e8ce de th\u00e9\u00e2tre Deirdre ; et une illustration de la partition musicale de \u00ab\u00a0Christmas Carol\u00a0\u00bb. Le jeu est accompagn\u00e9 d&rsquo;un livret d&rsquo;instructions.  <\/p>\n","protected":false},"excerpt":{"rendered":"<p>Le tarot de Pamela Colman Smith, cr\u00e9\u00e9 en 1909 sous la direction d&rsquo;Arthur E. Waite, est maintenant pr\u00e9sent\u00e9 dans un [&hellip;]<\/p>\n","protected":false},"featured_media":1370,"template":"","meta":{"site-sidebar-layout":"default","site-content-layout":"","ast-site-content-layout":"default","site-content-style":"default","site-sidebar-style":"default","ast-global-header-display":"","ast-banner-title-visibility":"","ast-main-header-display":"","ast-hfb-above-header-display":"","ast-hfb-below-header-display":"","ast-hfb-mobile-header-display":"","site-post-title":"","ast-breadcrumbs-content":"","ast-featured-img":"","footer-sml-layout":"","ast-disable-related-posts":"","theme-transparent-header-meta":"default","adv-header-id-meta":"","stick-header-meta":"","header-above-stick-meta":"","header-main-stick-meta":"","header-below-stick-meta":"","astra-migrate-meta-layouts":"default","ast-page-background-enabled":"default","ast-page-background-meta":{"desktop":{"background-color":"var(--ast-global-color-5)","background-image":"","background-repeat":"repeat","background-position":"center center","background-size":"auto","background-attachment":"scroll","background-type":"","background-media":"","overlay-type":"","overlay-color":"","overlay-opacity":"","overlay-gradient":""},"tablet":{"background-color":"","background-image":"","background-repeat":"repeat","background-position":"center center","background-size":"auto","background-attachment":"scroll","background-type":"","background-media":"","overlay-type":"","overlay-color":"","overlay-opacity":"","overlay-gradient":""},"mobile":{"background-color":"","background-image":"","background-repeat":"repeat","background-position":"center center","background-size":"auto","background-attachment":"scroll","background-type":"","background-media":"","overlay-type":"","overlay-color":"","overlay-opacity":"","overlay-gradient":""}},"ast-content-background-meta":{"desktop":{"background-color":"var(--ast-global-color-4)","background-image":"","background-repeat":"repeat","background-position":"center center","background-size":"auto","background-attachment":"scroll","background-type":"","background-media":"","overlay-type":"","overlay-color":"","overlay-opacity":"","overlay-gradient":""},"tablet":{"background-color":"var(--ast-global-color-4)","background-image":"","background-repeat":"repeat","background-position":"center center","background-size":"auto","background-attachment":"scroll","background-type":"","background-media":"","overlay-type":"","overlay-color":"","overlay-opacity":"","overlay-gradient":""},"mobile":{"background-color":"var(--ast-global-color-4)","background-image":"","background-repeat":"repeat","background-position":"center center","background-size":"auto","background-attachment":"scroll","background-type":"","background-media":"","overlay-type":"","overlay-color":"","overlay-opacity":"","overlay-gradient":""}}},"product_brand":[],"product_cat":[76],"product_tag":[],"class_list":{"0":"post-4467","1":"product","2":"type-product","3":"status-publish","4":"has-post-thumbnail","6":"wc_square_synced-yes","7":"product_cat-tarot-et-oracle","8":"desktop-align-left","9":"tablet-align-left","10":"mobile-align-left","12":"first","13":"instock","14":"taxable","15":"shipping-taxable","16":"purchasable","17":"product-type-simple"},"_links":{"self":[{"href":"https:\/\/moonbrewmagic.com\/fr\/wp-json\/wp\/v2\/product\/4467","targetHints":{"allow":["GET"]}}],"collection":[{"href":"https:\/\/moonbrewmagic.com\/fr\/wp-json\/wp\/v2\/product"}],"about":[{"href":"https:\/\/moonbrewmagic.com\/fr\/wp-json\/wp\/v2\/types\/product"}],"wp:featuredmedia":[{"embeddable":true,"href":"https:\/\/moonbrewmagic.com\/fr\/wp-json\/wp\/v2\/media\/1370"}],"wp:attachment":[{"href":"https:\/\/moonbrewmagic.com\/fr\/wp-json\/wp\/v2\/media?parent=4467"}],"wp:term":[{"taxonomy":"product_brand","embeddable":true,"href":"https:\/\/moonbrewmagic.com\/fr\/wp-json\/wp\/v2\/product_brand?post=4467"},{"taxonomy":"product_cat","embeddable":true,"href":"https:\/\/moonbrewmagic.com\/fr\/wp-json\/wp\/v2\/product_cat?post=4467"},{"taxonomy":"product_tag","embeddable":true,"href":"https:\/\/moonbrewmagic.com\/fr\/wp-json\/wp\/v2\/product_tag?post=4467"}],"curies":[{"name":"wp","href":"https:\/\/api.w.org\/{rel}","templated":true}]}}