{"id":4449,"date":"2026-01-17T14:21:57","date_gmt":"2026-01-17T14:21:57","guid":{"rendered":"https:\/\/moonbrewmagic.com\/product\/boules-de-bain-a-la-menthe-poivree-et-au-fenouil\/"},"modified":"2026-01-17T14:21:57","modified_gmt":"2026-01-17T14:21:57","slug":"boules-de-bain-a-la-menthe-poivree-et-au-fenouil","status":"publish","type":"product","link":"https:\/\/moonbrewmagic.com\/fr\/produit\/boules-de-bain-a-la-menthe-poivree-et-au-fenouil\/","title":{"rendered":"Boules de bain \u00e0 la menthe poivr\u00e9e et au fenouil"},"content":{"rendered":"<p>Impr\u00e9gnez-vous des bienfaits de la nature et apaisez les muscles fatigu\u00e9s gr\u00e2ce \u00e0 ces m\u00e9langes botaniques riches en min\u00e9raux, parfaitement dos\u00e9s pour un seul bain p\u00e9tillant. Chaque g\u00e2terie pour le bain est fabriqu\u00e9e \u00e0 la main avec des ingr\u00e9dients naturels et con\u00e7ue pour transformer votre bain en un rituel apaisant. Taille : 1,8 oz (3&Prime; x 1,5&Prime; x 0,5&Prime;). Mode d&#8217;emploi : Ouvrez l&#8217;emballage, placez la bombe de bain sous l&rsquo;eau courante, retirez le b\u00e2ton de glace et laissez-la infuser aussi longtemps que vous le souhaitez.   <\/p>\n","protected":false},"excerpt":{"rendered":"<p>Impr\u00e9gnez-vous des bienfaits de la nature et apaisez les muscles fatigu\u00e9s gr\u00e2ce \u00e0 ces m\u00e9langes botaniques riches en min\u00e9raux, parfaitement [&hellip;]<\/p>\n","protected":false},"featured_media":2378,"template":"","meta":{"site-sidebar-layout":"default","site-content-layout":"","ast-site-content-layout":"default","site-content-style":"default","site-sidebar-style":"default","ast-global-header-display":"","ast-banner-title-visibility":"","ast-main-header-display":"","ast-hfb-above-header-display":"","ast-hfb-below-header-display":"","ast-hfb-mobile-header-display":"","site-post-title":"","ast-breadcrumbs-content":"","ast-featured-img":"","footer-sml-layout":"","ast-disable-related-posts":"","theme-transparent-header-meta":"default","adv-header-id-meta":"","stick-header-meta":"","header-above-stick-meta":"","header-main-stick-meta":"","header-below-stick-meta":"","astra-migrate-meta-layouts":"default","ast-page-background-enabled":"default","ast-page-background-meta":{"desktop":{"background-color":"var(--ast-global-color-5)","background-image":"","background-repeat":"repeat","background-position":"center center","background-size":"auto","background-attachment":"scroll","background-type":"","background-media":"","overlay-type":"","overlay-color":"","overlay-opacity":"","overlay-gradient":""},"tablet":{"background-color":"","background-image":"","background-repeat":"repeat","background-position":"center center","background-size":"auto","background-attachment":"scroll","background-type":"","background-media":"","overlay-type":"","overlay-color":"","overlay-opacity":"","overlay-gradient":""},"mobile":{"background-color":"","background-image":"","background-repeat":"repeat","background-position":"center center","background-size":"auto","background-attachment":"scroll","background-type":"","background-media":"","overlay-type":"","overlay-color":"","overlay-opacity":"","overlay-gradient":""}},"ast-content-background-meta":{"desktop":{"background-color":"var(--ast-global-color-4)","background-image":"","background-repeat":"repeat","background-position":"center center","background-size":"auto","background-attachment":"scroll","background-type":"","background-media":"","overlay-type":"","overlay-color":"","overlay-opacity":"","overlay-gradient":""},"tablet":{"background-color":"var(--ast-global-color-4)","background-image":"","background-repeat":"repeat","background-position":"center center","background-size":"auto","background-attachment":"scroll","background-type":"","background-media":"","overlay-type":"","overlay-color":"","overlay-opacity":"","overlay-gradient":""},"mobile":{"background-color":"var(--ast-global-color-4)","background-image":"","background-repeat":"repeat","background-position":"center center","background-size":"auto","background-attachment":"scroll","background-type":"","background-media":"","overlay-type":"","overlay-color":"","overlay-opacity":"","overlay-gradient":""}}},"product_brand":[],"product_cat":[73],"product_tag":[],"class_list":{"0":"post-4449","1":"product","2":"type-product","3":"status-publish","4":"has-post-thumbnail","6":"wc_square_synced-yes","7":"product_cat-bains-rituels","8":"desktop-align-left","9":"tablet-align-left","10":"mobile-align-left","12":"first","13":"instock","14":"taxable","15":"shipping-taxable","16":"purchasable","17":"product-type-simple"},"_links":{"self":[{"href":"https:\/\/moonbrewmagic.com\/fr\/wp-json\/wp\/v2\/product\/4449","targetHints":{"allow":["GET"]}}],"collection":[{"href":"https:\/\/moonbrewmagic.com\/fr\/wp-json\/wp\/v2\/product"}],"about":[{"href":"https:\/\/moonbrewmagic.com\/fr\/wp-json\/wp\/v2\/types\/product"}],"wp:featuredmedia":[{"embeddable":true,"href":"https:\/\/moonbrewmagic.com\/fr\/wp-json\/wp\/v2\/media\/2378"}],"wp:attachment":[{"href":"https:\/\/moonbrewmagic.com\/fr\/wp-json\/wp\/v2\/media?parent=4449"}],"wp:term":[{"taxonomy":"product_brand","embeddable":true,"href":"https:\/\/moonbrewmagic.com\/fr\/wp-json\/wp\/v2\/product_brand?post=4449"},{"taxonomy":"product_cat","embeddable":true,"href":"https:\/\/moonbrewmagic.com\/fr\/wp-json\/wp\/v2\/product_cat?post=4449"},{"taxonomy":"product_tag","embeddable":true,"href":"https:\/\/moonbrewmagic.com\/fr\/wp-json\/wp\/v2\/product_tag?post=4449"}],"curies":[{"name":"wp","href":"https:\/\/api.w.org\/{rel}","templated":true}]}}