{"id":4416,"date":"2026-01-17T14:21:45","date_gmt":"2026-01-17T14:21:45","guid":{"rendered":"https:\/\/moonbrewmagic.com\/product\/coffret-de-bombes-de-bain-lemon-drops-aux-agrumes-et-a-la-menthe-poivree\/"},"modified":"2026-01-17T14:21:45","modified_gmt":"2026-01-17T14:21:45","slug":"coffret-de-bombes-de-bain-lemon-drops-aux-agrumes-et-a-la-menthe-poivree","status":"publish","type":"product","link":"https:\/\/moonbrewmagic.com\/fr\/produit\/coffret-de-bombes-de-bain-lemon-drops-aux-agrumes-et-a-la-menthe-poivree\/","title":{"rendered":"Coffret de bombes de bain Lemon Drops aux agrumes et \u00e0 la menthe poivr\u00e9e"},"content":{"rendered":"<p>Transformez votre bain en une escapade rafra\u00eechissante avec notre bombe de bain Lemon Drop, fabriqu\u00e9e avec des citrons s\u00e9ch\u00e9s et des feuilles de menthe poivr\u00e9e rafra\u00eechissantes pour rajeunir le corps et l&rsquo;esprit. Chaque bombe, fabriqu\u00e9e \u00e0 la main, a une forme, une texture et un caract\u00e8re uniques, refl\u00e9tant le charme des imperfections naturelles. Pour l&rsquo;utiliser, il suffit d&rsquo;ouvrir la bombe de bain et de la placer sous l&rsquo;eau courante, de la laisser tremper aussi longtemps que vous le souhaitez, puis de jeter ou de composter les fruits et les plantes apr\u00e8s votre bain.  <\/p>\n","protected":false},"excerpt":{"rendered":"<p>Transformez votre bain en une escapade rafra\u00eechissante avec notre bombe de bain Lemon Drop, fabriqu\u00e9e avec des citrons s\u00e9ch\u00e9s et [&hellip;]<\/p>\n","protected":false},"featured_media":43,"template":"","meta":{"site-sidebar-layout":"default","site-content-layout":"","ast-site-content-layout":"default","site-content-style":"default","site-sidebar-style":"default","ast-global-header-display":"","ast-banner-title-visibility":"","ast-main-header-display":"","ast-hfb-above-header-display":"","ast-hfb-below-header-display":"","ast-hfb-mobile-header-display":"","site-post-title":"","ast-breadcrumbs-content":"","ast-featured-img":"","footer-sml-layout":"","ast-disable-related-posts":"","theme-transparent-header-meta":"","adv-header-id-meta":"","stick-header-meta":"","header-above-stick-meta":"","header-main-stick-meta":"","header-below-stick-meta":"","astra-migrate-meta-layouts":"default","ast-page-background-enabled":"default","ast-page-background-meta":{"desktop":{"background-color":"var(--ast-global-color-5)","background-image":"","background-repeat":"repeat","background-position":"center center","background-size":"auto","background-attachment":"scroll","background-type":"","background-media":"","overlay-type":"","overlay-color":"","overlay-opacity":"","overlay-gradient":""},"tablet":{"background-color":"","background-image":"","background-repeat":"repeat","background-position":"center center","background-size":"auto","background-attachment":"scroll","background-type":"","background-media":"","overlay-type":"","overlay-color":"","overlay-opacity":"","overlay-gradient":""},"mobile":{"background-color":"","background-image":"","background-repeat":"repeat","background-position":"center center","background-size":"auto","background-attachment":"scroll","background-type":"","background-media":"","overlay-type":"","overlay-color":"","overlay-opacity":"","overlay-gradient":""}},"ast-content-background-meta":{"desktop":{"background-color":"var(--ast-global-color-4)","background-image":"","background-repeat":"repeat","background-position":"center center","background-size":"auto","background-attachment":"scroll","background-type":"","background-media":"","overlay-type":"","overlay-color":"","overlay-opacity":"","overlay-gradient":""},"tablet":{"background-color":"var(--ast-global-color-4)","background-image":"","background-repeat":"repeat","background-position":"center center","background-size":"auto","background-attachment":"scroll","background-type":"","background-media":"","overlay-type":"","overlay-color":"","overlay-opacity":"","overlay-gradient":""},"mobile":{"background-color":"var(--ast-global-color-4)","background-image":"","background-repeat":"repeat","background-position":"center center","background-size":"auto","background-attachment":"scroll","background-type":"","background-media":"","overlay-type":"","overlay-color":"","overlay-opacity":"","overlay-gradient":""}}},"product_brand":[],"product_cat":[73],"product_tag":[],"class_list":{"0":"post-4416","1":"product","2":"type-product","3":"status-publish","4":"has-post-thumbnail","6":"wc_square_synced-yes","7":"product_cat-bains-rituels","8":"desktop-align-left","9":"tablet-align-left","10":"mobile-align-left","12":"first","13":"instock","14":"taxable","15":"shipping-taxable","16":"purchasable","17":"product-type-simple"},"_links":{"self":[{"href":"https:\/\/moonbrewmagic.com\/fr\/wp-json\/wp\/v2\/product\/4416","targetHints":{"allow":["GET"]}}],"collection":[{"href":"https:\/\/moonbrewmagic.com\/fr\/wp-json\/wp\/v2\/product"}],"about":[{"href":"https:\/\/moonbrewmagic.com\/fr\/wp-json\/wp\/v2\/types\/product"}],"wp:featuredmedia":[{"embeddable":true,"href":"https:\/\/moonbrewmagic.com\/fr\/wp-json\/wp\/v2\/media\/43"}],"wp:attachment":[{"href":"https:\/\/moonbrewmagic.com\/fr\/wp-json\/wp\/v2\/media?parent=4416"}],"wp:term":[{"taxonomy":"product_brand","embeddable":true,"href":"https:\/\/moonbrewmagic.com\/fr\/wp-json\/wp\/v2\/product_brand?post=4416"},{"taxonomy":"product_cat","embeddable":true,"href":"https:\/\/moonbrewmagic.com\/fr\/wp-json\/wp\/v2\/product_cat?post=4416"},{"taxonomy":"product_tag","embeddable":true,"href":"https:\/\/moonbrewmagic.com\/fr\/wp-json\/wp\/v2\/product_tag?post=4416"}],"curies":[{"name":"wp","href":"https:\/\/api.w.org\/{rel}","templated":true}]}}