{"id":4415,"date":"2026-01-17T14:21:37","date_gmt":"2026-01-17T14:21:37","guid":{"rendered":"https:\/\/moonbrewmagic.com\/product\/ensemble-de-batons-de-fumee-cedre-orange-et-cannelle-4\/"},"modified":"2026-01-17T14:21:37","modified_gmt":"2026-01-17T14:21:37","slug":"ensemble-de-batons-de-fumee-cedre-orange-et-cannelle-4","status":"publish","type":"product","link":"https:\/\/moonbrewmagic.com\/fr\/produit\/ensemble-de-batons-de-fumee-cedre-orange-et-cannelle-4\/","title":{"rendered":"Ensemble de b\u00e2tons de fum\u00e9e c\u00e8dre, orange et cannelle 4&Prime;."},"content":{"rendered":"<p>Utilisez ce m\u00e9lange pour \u00e9liminer l&rsquo;\u00e9nergie stagnante, am\u00e9liorer votre espace et inviter un flux d&rsquo;abondance dans votre vie. Le c\u00e8dre, qui a un effet de mise \u00e0 la terre, offre protection et stabilit\u00e9, l&rsquo;orange vif \u00e9nergise et \u00e9l\u00e8ve l&rsquo;humeur, tandis que la cannelle chaude attire la prosp\u00e9rit\u00e9 et les opportunit\u00e9s positives. Enracin\u00e9 dans les traditions de purification sacr\u00e9e, ce rituel soutient la purification aux niveaux \u00e9motionnel, mental et spirituel, aidant \u00e0 cr\u00e9er un environnement \u00e9quilibr\u00e9 et accueillant pour que l&rsquo;\u00e9nergie fra\u00eeche et vibrante puisse se d\u00e9velopper.  <\/p>\n","protected":false},"excerpt":{"rendered":"<p>Utilisez ce m\u00e9lange pour \u00e9liminer l&rsquo;\u00e9nergie stagnante, am\u00e9liorer votre espace et inviter un flux d&rsquo;abondance dans votre vie. Le c\u00e8dre, [&hellip;]<\/p>\n","protected":false},"featured_media":1335,"template":"","meta":{"site-sidebar-layout":"default","site-content-layout":"","ast-site-content-layout":"default","site-content-style":"default","site-sidebar-style":"default","ast-global-header-display":"","ast-banner-title-visibility":"","ast-main-header-display":"","ast-hfb-above-header-display":"","ast-hfb-below-header-display":"","ast-hfb-mobile-header-display":"","site-post-title":"","ast-breadcrumbs-content":"","ast-featured-img":"","footer-sml-layout":"","ast-disable-related-posts":"","theme-transparent-header-meta":"default","adv-header-id-meta":"","stick-header-meta":"","header-above-stick-meta":"","header-main-stick-meta":"","header-below-stick-meta":"","astra-migrate-meta-layouts":"default","ast-page-background-enabled":"default","ast-page-background-meta":{"desktop":{"background-color":"var(--ast-global-color-5)","background-image":"","background-repeat":"repeat","background-position":"center center","background-size":"auto","background-attachment":"scroll","background-type":"","background-media":"","overlay-type":"","overlay-color":"","overlay-opacity":"","overlay-gradient":""},"tablet":{"background-color":"","background-image":"","background-repeat":"repeat","background-position":"center center","background-size":"auto","background-attachment":"scroll","background-type":"","background-media":"","overlay-type":"","overlay-color":"","overlay-opacity":"","overlay-gradient":""},"mobile":{"background-color":"","background-image":"","background-repeat":"repeat","background-position":"center center","background-size":"auto","background-attachment":"scroll","background-type":"","background-media":"","overlay-type":"","overlay-color":"","overlay-opacity":"","overlay-gradient":""}},"ast-content-background-meta":{"desktop":{"background-color":"var(--ast-global-color-4)","background-image":"","background-repeat":"repeat","background-position":"center center","background-size":"auto","background-attachment":"scroll","background-type":"","background-media":"","overlay-type":"","overlay-color":"","overlay-opacity":"","overlay-gradient":""},"tablet":{"background-color":"var(--ast-global-color-4)","background-image":"","background-repeat":"repeat","background-position":"center center","background-size":"auto","background-attachment":"scroll","background-type":"","background-media":"","overlay-type":"","overlay-color":"","overlay-opacity":"","overlay-gradient":""},"mobile":{"background-color":"var(--ast-global-color-4)","background-image":"","background-repeat":"repeat","background-position":"center center","background-size":"auto","background-attachment":"scroll","background-type":"","background-media":"","overlay-type":"","overlay-color":"","overlay-opacity":"","overlay-gradient":""}}},"product_brand":[],"product_cat":[71],"product_tag":[],"class_list":{"0":"post-4415","1":"product","2":"type-product","3":"status-publish","4":"has-post-thumbnail","6":"wc_square_synced-yes","7":"product_cat-brumes-et-fumees","8":"desktop-align-left","9":"tablet-align-left","10":"mobile-align-left","12":"first","13":"outofstock","14":"taxable","15":"shipping-taxable","16":"purchasable","17":"product-type-simple"},"_links":{"self":[{"href":"https:\/\/moonbrewmagic.com\/fr\/wp-json\/wp\/v2\/product\/4415","targetHints":{"allow":["GET"]}}],"collection":[{"href":"https:\/\/moonbrewmagic.com\/fr\/wp-json\/wp\/v2\/product"}],"about":[{"href":"https:\/\/moonbrewmagic.com\/fr\/wp-json\/wp\/v2\/types\/product"}],"wp:featuredmedia":[{"embeddable":true,"href":"https:\/\/moonbrewmagic.com\/fr\/wp-json\/wp\/v2\/media\/1335"}],"wp:attachment":[{"href":"https:\/\/moonbrewmagic.com\/fr\/wp-json\/wp\/v2\/media?parent=4415"}],"wp:term":[{"taxonomy":"product_brand","embeddable":true,"href":"https:\/\/moonbrewmagic.com\/fr\/wp-json\/wp\/v2\/product_brand?post=4415"},{"taxonomy":"product_cat","embeddable":true,"href":"https:\/\/moonbrewmagic.com\/fr\/wp-json\/wp\/v2\/product_cat?post=4415"},{"taxonomy":"product_tag","embeddable":true,"href":"https:\/\/moonbrewmagic.com\/fr\/wp-json\/wp\/v2\/product_tag?post=4415"}],"curies":[{"name":"wp","href":"https:\/\/api.w.org\/{rel}","templated":true}]}}