{"id":4364,"date":"2026-01-24T19:36:50","date_gmt":"2026-01-24T19:36:50","guid":{"rendered":"https:\/\/moonbrewmagic.com\/product\/huile-pour-lecteur-de-tarot\/"},"modified":"2026-01-24T19:36:50","modified_gmt":"2026-01-24T19:36:50","slug":"huile-pour-lecteur-de-tarot","status":"publish","type":"product","link":"https:\/\/moonbrewmagic.com\/fr\/produit\/huile-pour-lecteur-de-tarot\/","title":{"rendered":"Huile pour lecteur de tarot"},"content":{"rendered":"<p>L&rsquo;huile rituelle du lecteur de tarot est soigneusement \u00e9labor\u00e9e \u00e0 partir d&rsquo;un m\u00e9lange d&rsquo;huiles essentielles, d&rsquo;herbes et de mes intentions. Elle est con\u00e7ue pour les lecteurs de tarot d\u00e9butants et avanc\u00e9s. Cette huile unique vous permet de vous ancrer instantan\u00e9ment et vous offre la clart\u00e9 n\u00e9cessaire pour \u00e9lever vos lectures dans n&rsquo;importe quel environnement. Elle aide \u00e0 \u00e9tablir une connexion avec l&rsquo;\u00e9nergie divine et vos guides spirituels tout en am\u00e9liorant vos capacit\u00e9s psychiques. Il vous suffit d&rsquo;oindre votre troisi\u00e8me \u0153il ou une bougie blanche avant votre s\u00e9ance pour lib\u00e9rer tout son potentiel.    <\/p>\n","protected":false},"excerpt":{"rendered":"<p>L&rsquo;huile rituelle du lecteur de tarot est soigneusement \u00e9labor\u00e9e \u00e0 partir d&rsquo;un m\u00e9lange d&rsquo;huiles essentielles, d&rsquo;herbes et de mes intentions. [&hellip;]<\/p>\n","protected":false},"featured_media":1044,"template":"","meta":{"site-sidebar-layout":"default","site-content-layout":"","ast-site-content-layout":"default","site-content-style":"default","site-sidebar-style":"default","ast-global-header-display":"","ast-banner-title-visibility":"","ast-main-header-display":"","ast-hfb-above-header-display":"","ast-hfb-below-header-display":"","ast-hfb-mobile-header-display":"","site-post-title":"","ast-breadcrumbs-content":"","ast-featured-img":"","footer-sml-layout":"","ast-disable-related-posts":"","theme-transparent-header-meta":"default","adv-header-id-meta":"","stick-header-meta":"","header-above-stick-meta":"","header-main-stick-meta":"","header-below-stick-meta":"","astra-migrate-meta-layouts":"default","ast-page-background-enabled":"default","ast-page-background-meta":{"desktop":{"background-color":"var(--ast-global-color-5)","background-image":"","background-repeat":"repeat","background-position":"center center","background-size":"auto","background-attachment":"scroll","background-type":"","background-media":"","overlay-type":"","overlay-color":"","overlay-opacity":"","overlay-gradient":""},"tablet":{"background-color":"","background-image":"","background-repeat":"repeat","background-position":"center center","background-size":"auto","background-attachment":"scroll","background-type":"","background-media":"","overlay-type":"","overlay-color":"","overlay-opacity":"","overlay-gradient":""},"mobile":{"background-color":"","background-image":"","background-repeat":"repeat","background-position":"center center","background-size":"auto","background-attachment":"scroll","background-type":"","background-media":"","overlay-type":"","overlay-color":"","overlay-opacity":"","overlay-gradient":""}},"ast-content-background-meta":{"desktop":{"background-color":"var(--ast-global-color-4)","background-image":"","background-repeat":"repeat","background-position":"center center","background-size":"auto","background-attachment":"scroll","background-type":"","background-media":"","overlay-type":"","overlay-color":"","overlay-opacity":"","overlay-gradient":""},"tablet":{"background-color":"var(--ast-global-color-4)","background-image":"","background-repeat":"repeat","background-position":"center center","background-size":"auto","background-attachment":"scroll","background-type":"","background-media":"","overlay-type":"","overlay-color":"","overlay-opacity":"","overlay-gradient":""},"mobile":{"background-color":"var(--ast-global-color-4)","background-image":"","background-repeat":"repeat","background-position":"center center","background-size":"auto","background-attachment":"scroll","background-type":"","background-media":"","overlay-type":"","overlay-color":"","overlay-opacity":"","overlay-gradient":""}}},"product_brand":[],"product_cat":[70],"product_tag":[],"class_list":{"0":"post-4364","1":"product","2":"type-product","3":"status-publish","4":"has-post-thumbnail","6":"wc_square_synced-yes","7":"product_cat-huiles","8":"desktop-align-left","9":"tablet-align-left","10":"mobile-align-left","12":"first","13":"instock","14":"taxable","15":"shipping-taxable","16":"purchasable","17":"product-type-simple"},"_links":{"self":[{"href":"https:\/\/moonbrewmagic.com\/fr\/wp-json\/wp\/v2\/product\/4364","targetHints":{"allow":["GET"]}}],"collection":[{"href":"https:\/\/moonbrewmagic.com\/fr\/wp-json\/wp\/v2\/product"}],"about":[{"href":"https:\/\/moonbrewmagic.com\/fr\/wp-json\/wp\/v2\/types\/product"}],"wp:featuredmedia":[{"embeddable":true,"href":"https:\/\/moonbrewmagic.com\/fr\/wp-json\/wp\/v2\/media\/1044"}],"wp:attachment":[{"href":"https:\/\/moonbrewmagic.com\/fr\/wp-json\/wp\/v2\/media?parent=4364"}],"wp:term":[{"taxonomy":"product_brand","embeddable":true,"href":"https:\/\/moonbrewmagic.com\/fr\/wp-json\/wp\/v2\/product_brand?post=4364"},{"taxonomy":"product_cat","embeddable":true,"href":"https:\/\/moonbrewmagic.com\/fr\/wp-json\/wp\/v2\/product_cat?post=4364"},{"taxonomy":"product_tag","embeddable":true,"href":"https:\/\/moonbrewmagic.com\/fr\/wp-json\/wp\/v2\/product_tag?post=4364"}],"curies":[{"name":"wp","href":"https:\/\/api.w.org\/{rel}","templated":true}]}}