{"id":4314,"date":"2026-01-24T19:36:27","date_gmt":"2026-01-24T19:36:27","guid":{"rendered":"https:\/\/moonbrewmagic.com\/product\/nappe-dautel-en-velours-celeste-velours-rouge-rubis-feuille-dor\/"},"modified":"2026-01-24T19:36:27","modified_gmt":"2026-01-24T19:36:27","slug":"nappe-dautel-en-velours-celeste-velours-rouge-rubis-feuille-dor","status":"publish","type":"product","link":"https:\/\/moonbrewmagic.com\/fr\/produit\/nappe-dautel-en-velours-celeste-velours-rouge-rubis-feuille-dor\/","title":{"rendered":"Nappe d&rsquo;autel en velours &#8211; \u00ab\u00a0C\u00e9leste\u00a0\u00bb : Velours rouge rubis + feuille d&rsquo;or"},"content":{"rendered":"<p>La nappe d&rsquo;autel c\u00e9leste se compose d&rsquo;une riche base de velours rouge rubis orn\u00e9e d&rsquo;une feuille d&rsquo;or lumineuse repr\u00e9sentant le soleil, la lune, les colombes des rochers et leurs formes squelettiques, entrelac\u00e9s avec de d\u00e9licates fleurs pour cr\u00e9er une surface rituelle saisissante. Mesurant approximativement 22 \u00d7 22 pouces, chaque pi\u00e8ce est estampill\u00e9e \u00e0 la main, de sorte que de subtiles variations de couleur ou d&rsquo;impression peuvent se produire. Pour pr\u00e9server sa beaut\u00e9, nettoyez-le d\u00e9licatement \u00e0 l&rsquo;eau froide et suspendez-le pour le faire s\u00e9cher &#8211; ne le lavez pas en machine.    <\/p>\n","protected":false},"excerpt":{"rendered":"<p>La nappe d&rsquo;autel c\u00e9leste se compose d&rsquo;une riche base de velours rouge rubis orn\u00e9e d&rsquo;une feuille d&rsquo;or lumineuse repr\u00e9sentant le [&hellip;]<\/p>\n","protected":false},"featured_media":2349,"template":"","meta":{"site-sidebar-layout":"default","site-content-layout":"","ast-site-content-layout":"default","site-content-style":"default","site-sidebar-style":"default","ast-global-header-display":"","ast-banner-title-visibility":"","ast-main-header-display":"","ast-hfb-above-header-display":"","ast-hfb-below-header-display":"","ast-hfb-mobile-header-display":"","site-post-title":"","ast-breadcrumbs-content":"","ast-featured-img":"","footer-sml-layout":"","ast-disable-related-posts":"","theme-transparent-header-meta":"default","adv-header-id-meta":"","stick-header-meta":"","header-above-stick-meta":"","header-main-stick-meta":"","header-below-stick-meta":"","astra-migrate-meta-layouts":"default","ast-page-background-enabled":"default","ast-page-background-meta":{"desktop":{"background-color":"var(--ast-global-color-5)","background-image":"","background-repeat":"repeat","background-position":"center center","background-size":"auto","background-attachment":"scroll","background-type":"","background-media":"","overlay-type":"","overlay-color":"","overlay-opacity":"","overlay-gradient":""},"tablet":{"background-color":"","background-image":"","background-repeat":"repeat","background-position":"center center","background-size":"auto","background-attachment":"scroll","background-type":"","background-media":"","overlay-type":"","overlay-color":"","overlay-opacity":"","overlay-gradient":""},"mobile":{"background-color":"","background-image":"","background-repeat":"repeat","background-position":"center center","background-size":"auto","background-attachment":"scroll","background-type":"","background-media":"","overlay-type":"","overlay-color":"","overlay-opacity":"","overlay-gradient":""}},"ast-content-background-meta":{"desktop":{"background-color":"var(--ast-global-color-4)","background-image":"","background-repeat":"repeat","background-position":"center center","background-size":"auto","background-attachment":"scroll","background-type":"","background-media":"","overlay-type":"","overlay-color":"","overlay-opacity":"","overlay-gradient":""},"tablet":{"background-color":"var(--ast-global-color-4)","background-image":"","background-repeat":"repeat","background-position":"center center","background-size":"auto","background-attachment":"scroll","background-type":"","background-media":"","overlay-type":"","overlay-color":"","overlay-opacity":"","overlay-gradient":""},"mobile":{"background-color":"var(--ast-global-color-4)","background-image":"","background-repeat":"repeat","background-position":"center center","background-size":"auto","background-attachment":"scroll","background-type":"","background-media":"","overlay-type":"","overlay-color":"","overlay-opacity":"","overlay-gradient":""}}},"product_brand":[],"product_cat":[77],"product_tag":[],"class_list":{"0":"post-4314","1":"product","2":"type-product","3":"status-publish","4":"has-post-thumbnail","6":"wc_square_synced-yes","7":"product_cat-accessoires","8":"desktop-align-left","9":"tablet-align-left","10":"mobile-align-left","12":"first","13":"instock","14":"taxable","15":"shipping-taxable","16":"purchasable","17":"product-type-simple"},"_links":{"self":[{"href":"https:\/\/moonbrewmagic.com\/fr\/wp-json\/wp\/v2\/product\/4314","targetHints":{"allow":["GET"]}}],"collection":[{"href":"https:\/\/moonbrewmagic.com\/fr\/wp-json\/wp\/v2\/product"}],"about":[{"href":"https:\/\/moonbrewmagic.com\/fr\/wp-json\/wp\/v2\/types\/product"}],"wp:featuredmedia":[{"embeddable":true,"href":"https:\/\/moonbrewmagic.com\/fr\/wp-json\/wp\/v2\/media\/2349"}],"wp:attachment":[{"href":"https:\/\/moonbrewmagic.com\/fr\/wp-json\/wp\/v2\/media?parent=4314"}],"wp:term":[{"taxonomy":"product_brand","embeddable":true,"href":"https:\/\/moonbrewmagic.com\/fr\/wp-json\/wp\/v2\/product_brand?post=4314"},{"taxonomy":"product_cat","embeddable":true,"href":"https:\/\/moonbrewmagic.com\/fr\/wp-json\/wp\/v2\/product_cat?post=4314"},{"taxonomy":"product_tag","embeddable":true,"href":"https:\/\/moonbrewmagic.com\/fr\/wp-json\/wp\/v2\/product_tag?post=4314"}],"curies":[{"name":"wp","href":"https:\/\/api.w.org\/{rel}","templated":true}]}}