{"id":4298,"date":"2026-01-24T19:35:51","date_gmt":"2026-01-24T19:35:51","guid":{"rendered":"https:\/\/moonbrewmagic.com\/product\/bougie-en-cire-dabeille-rouge\/"},"modified":"2026-01-24T19:35:51","modified_gmt":"2026-01-24T19:35:51","slug":"bougie-en-cire-dabeille-rouge","status":"publish","type":"product","link":"https:\/\/moonbrewmagic.com\/fr\/produit\/bougie-en-cire-dabeille-rouge\/","title":{"rendered":"Bougie en cire d&rsquo;abeille rouge"},"content":{"rendered":"<p>Une bougie rituelle rouge fabriqu\u00e9e \u00e0 la main avec des flocons de piment, con\u00e7ue pour enflammer la passion, la force et la motivation. Parfaite pour les sorts d&rsquo;amour, le travail de confiance et les intentions qui appellent au courage et \u00e0 l&rsquo;action audacieuse.<br \/>Ces bougies rituelles sont 100% en cire d&rsquo;abeille et de couleur naturelle. <\/p>\n","protected":false},"excerpt":{"rendered":"<p>Une bougie rituelle rouge fabriqu\u00e9e \u00e0 la main avec des flocons de piment, con\u00e7ue pour enflammer la passion, la force [&hellip;]<\/p>\n","protected":false},"featured_media":1414,"template":"","meta":{"site-sidebar-layout":"default","site-content-layout":"","ast-site-content-layout":"default","site-content-style":"default","site-sidebar-style":"default","ast-global-header-display":"","ast-banner-title-visibility":"","ast-main-header-display":"","ast-hfb-above-header-display":"","ast-hfb-below-header-display":"","ast-hfb-mobile-header-display":"","site-post-title":"","ast-breadcrumbs-content":"","ast-featured-img":"","footer-sml-layout":"","ast-disable-related-posts":"","theme-transparent-header-meta":"default","adv-header-id-meta":"","stick-header-meta":"","header-above-stick-meta":"","header-main-stick-meta":"","header-below-stick-meta":"","astra-migrate-meta-layouts":"default","ast-page-background-enabled":"default","ast-page-background-meta":{"desktop":{"background-color":"var(--ast-global-color-5)","background-image":"","background-repeat":"repeat","background-position":"center center","background-size":"auto","background-attachment":"scroll","background-type":"","background-media":"","overlay-type":"","overlay-color":"","overlay-opacity":"","overlay-gradient":""},"tablet":{"background-color":"","background-image":"","background-repeat":"repeat","background-position":"center center","background-size":"auto","background-attachment":"scroll","background-type":"","background-media":"","overlay-type":"","overlay-color":"","overlay-opacity":"","overlay-gradient":""},"mobile":{"background-color":"","background-image":"","background-repeat":"repeat","background-position":"center center","background-size":"auto","background-attachment":"scroll","background-type":"","background-media":"","overlay-type":"","overlay-color":"","overlay-opacity":"","overlay-gradient":""}},"ast-content-background-meta":{"desktop":{"background-color":"var(--ast-global-color-4)","background-image":"","background-repeat":"repeat","background-position":"center center","background-size":"auto","background-attachment":"scroll","background-type":"","background-media":"","overlay-type":"","overlay-color":"","overlay-opacity":"","overlay-gradient":""},"tablet":{"background-color":"var(--ast-global-color-4)","background-image":"","background-repeat":"repeat","background-position":"center center","background-size":"auto","background-attachment":"scroll","background-type":"","background-media":"","overlay-type":"","overlay-color":"","overlay-opacity":"","overlay-gradient":""},"mobile":{"background-color":"var(--ast-global-color-4)","background-image":"","background-repeat":"repeat","background-position":"center center","background-size":"auto","background-attachment":"scroll","background-type":"","background-media":"","overlay-type":"","overlay-color":"","overlay-opacity":"","overlay-gradient":""}}},"product_brand":[],"product_cat":[75],"product_tag":[],"class_list":{"0":"post-4298","1":"product","2":"type-product","3":"status-publish","4":"has-post-thumbnail","6":"wc_square_synced-yes","7":"product_cat-bougies","8":"desktop-align-left","9":"tablet-align-left","10":"mobile-align-left","12":"first","13":"outofstock","14":"taxable","15":"shipping-taxable","16":"purchasable","17":"product-type-simple"},"_links":{"self":[{"href":"https:\/\/moonbrewmagic.com\/fr\/wp-json\/wp\/v2\/product\/4298","targetHints":{"allow":["GET"]}}],"collection":[{"href":"https:\/\/moonbrewmagic.com\/fr\/wp-json\/wp\/v2\/product"}],"about":[{"href":"https:\/\/moonbrewmagic.com\/fr\/wp-json\/wp\/v2\/types\/product"}],"wp:featuredmedia":[{"embeddable":true,"href":"https:\/\/moonbrewmagic.com\/fr\/wp-json\/wp\/v2\/media\/1414"}],"wp:attachment":[{"href":"https:\/\/moonbrewmagic.com\/fr\/wp-json\/wp\/v2\/media?parent=4298"}],"wp:term":[{"taxonomy":"product_brand","embeddable":true,"href":"https:\/\/moonbrewmagic.com\/fr\/wp-json\/wp\/v2\/product_brand?post=4298"},{"taxonomy":"product_cat","embeddable":true,"href":"https:\/\/moonbrewmagic.com\/fr\/wp-json\/wp\/v2\/product_cat?post=4298"},{"taxonomy":"product_tag","embeddable":true,"href":"https:\/\/moonbrewmagic.com\/fr\/wp-json\/wp\/v2\/product_tag?post=4298"}],"curies":[{"name":"wp","href":"https:\/\/api.w.org\/{rel}","templated":true}]}}