{"id":4258,"date":"2026-01-24T19:29:53","date_gmt":"2026-01-24T19:29:53","guid":{"rendered":"https:\/\/moonbrewmagic.com\/product\/sac-a-main-personnalise-toute-image-ou-texte-en-noir-ou-blanc-blanc\/"},"modified":"2026-01-24T19:29:53","modified_gmt":"2026-01-24T19:29:53","slug":"sac-a-main-personnalise-toute-image-ou-texte-en-noir-ou-blanc-blanc","status":"publish","type":"product","link":"https:\/\/moonbrewmagic.com\/fr\/produit\/sac-a-main-personnalise-toute-image-ou-texte-en-noir-ou-blanc-blanc\/","title":{"rendered":"Sac \u00e0 main personnalis\u00e9 Toute image ou texte en noir ou blanc : Blanc"},"content":{"rendered":"<p>Il vous suffit d&rsquo;acheter cette annonce puis de nous envoyer un message avec votre image ou votre texte via Faire messenger.<\/p>\n<p><\/p>\n<p>Sac fourre-tout \u00e9cologique fabriqu\u00e9 \u00e0 la main au Royaume-Uni avec une impression graphique de grande qualit\u00e9. Mat\u00e9riau tr\u00e8s solide, \u00e9pais et durable, adapt\u00e9 \u00e0 un usage quotidien. <\/p>\n<p><\/p>\n<p>Capable de porter plusieurs objets lourds tels que des courses, des ordinateurs portables, du mat\u00e9riel scolaire ou universitaire, etc.<\/p>\n<p><\/p>\n<p>Dimensions :<\/p>\n<p>&#8211; largeur 32cm<\/p>\n<p>&#8211; hauteur 40cm<\/p>\n<p>&#8211; manche 30cm<\/p>\n<p>(il s&rsquo;agit des dimensions \u00ab\u00a0standard\u00a0\u00bb d&rsquo;un fourre-tout)<\/p>\n<p><\/p>\n<p>SEO :<\/p>\n<p>Sacs cabas personnalis\u00e9s en gros,<\/p>\n<p>Sacs cabas de marque en vrac, sacs cabas d&rsquo;entreprise sur mesure, sacs cabas personnalis\u00e9s pour entreprises, sacs cabas promotionnels B2B, sacs cabas imprim\u00e9s sur mesure, sacs cabas en vrac, sacs cabas personnalis\u00e9s \u00e9cologiques, sacs cabas avec logo en gros, sacs cabas personnalis\u00e9s pour \u00e9v\u00e9nements, Sacs cabas d&rsquo;entreprise personnalis\u00e9s, Sacs cabas personnalis\u00e9s de haute qualit\u00e9, Sacs cabas r\u00e9utilisables personnalis\u00e9s, Sacs cabas en toile en gros, Sacs cabas pour salons professionnels personnalis\u00e9s, Sacs cabas pour cadeaux d&rsquo;entreprise, Sacs cabas promotionnels de marque, Sacs cabas personnalis\u00e9s avec logo,<\/p>\n","protected":false},"excerpt":{"rendered":"<p>Il vous suffit d&rsquo;acheter cette annonce puis de nous envoyer un message avec votre image ou votre texte via Faire [&hellip;]<\/p>\n","protected":false},"featured_media":494,"template":"","meta":{"site-sidebar-layout":"default","site-content-layout":"","ast-site-content-layout":"default","site-content-style":"default","site-sidebar-style":"default","ast-global-header-display":"","ast-banner-title-visibility":"","ast-main-header-display":"","ast-hfb-above-header-display":"","ast-hfb-below-header-display":"","ast-hfb-mobile-header-display":"","site-post-title":"","ast-breadcrumbs-content":"","ast-featured-img":"","footer-sml-layout":"","ast-disable-related-posts":"","theme-transparent-header-meta":"","adv-header-id-meta":"","stick-header-meta":"","header-above-stick-meta":"","header-main-stick-meta":"","header-below-stick-meta":"","astra-migrate-meta-layouts":"default","ast-page-background-enabled":"default","ast-page-background-meta":{"desktop":{"background-color":"var(--ast-global-color-5)","background-image":"","background-repeat":"repeat","background-position":"center center","background-size":"auto","background-attachment":"scroll","background-type":"","background-media":"","overlay-type":"","overlay-color":"","overlay-opacity":"","overlay-gradient":""},"tablet":{"background-color":"","background-image":"","background-repeat":"repeat","background-position":"center center","background-size":"auto","background-attachment":"scroll","background-type":"","background-media":"","overlay-type":"","overlay-color":"","overlay-opacity":"","overlay-gradient":""},"mobile":{"background-color":"","background-image":"","background-repeat":"repeat","background-position":"center center","background-size":"auto","background-attachment":"scroll","background-type":"","background-media":"","overlay-type":"","overlay-color":"","overlay-opacity":"","overlay-gradient":""}},"ast-content-background-meta":{"desktop":{"background-color":"var(--ast-global-color-4)","background-image":"","background-repeat":"repeat","background-position":"center center","background-size":"auto","background-attachment":"scroll","background-type":"","background-media":"","overlay-type":"","overlay-color":"","overlay-opacity":"","overlay-gradient":""},"tablet":{"background-color":"var(--ast-global-color-4)","background-image":"","background-repeat":"repeat","background-position":"center center","background-size":"auto","background-attachment":"scroll","background-type":"","background-media":"","overlay-type":"","overlay-color":"","overlay-opacity":"","overlay-gradient":""},"mobile":{"background-color":"var(--ast-global-color-4)","background-image":"","background-repeat":"repeat","background-position":"center center","background-size":"auto","background-attachment":"scroll","background-type":"","background-media":"","overlay-type":"","overlay-color":"","overlay-opacity":"","overlay-gradient":""}}},"product_brand":[],"product_cat":[77],"product_tag":[],"class_list":{"0":"post-4258","1":"product","2":"type-product","3":"status-publish","4":"has-post-thumbnail","6":"wc_square_synced-yes","7":"product_cat-accessoires","8":"desktop-align-left","9":"tablet-align-left","10":"mobile-align-left","12":"first","13":"instock","14":"taxable","15":"shipping-taxable","16":"purchasable","17":"product-type-simple"},"_links":{"self":[{"href":"https:\/\/moonbrewmagic.com\/fr\/wp-json\/wp\/v2\/product\/4258","targetHints":{"allow":["GET"]}}],"collection":[{"href":"https:\/\/moonbrewmagic.com\/fr\/wp-json\/wp\/v2\/product"}],"about":[{"href":"https:\/\/moonbrewmagic.com\/fr\/wp-json\/wp\/v2\/types\/product"}],"wp:featuredmedia":[{"embeddable":true,"href":"https:\/\/moonbrewmagic.com\/fr\/wp-json\/wp\/v2\/media\/494"}],"wp:attachment":[{"href":"https:\/\/moonbrewmagic.com\/fr\/wp-json\/wp\/v2\/media?parent=4258"}],"wp:term":[{"taxonomy":"product_brand","embeddable":true,"href":"https:\/\/moonbrewmagic.com\/fr\/wp-json\/wp\/v2\/product_brand?post=4258"},{"taxonomy":"product_cat","embeddable":true,"href":"https:\/\/moonbrewmagic.com\/fr\/wp-json\/wp\/v2\/product_cat?post=4258"},{"taxonomy":"product_tag","embeddable":true,"href":"https:\/\/moonbrewmagic.com\/fr\/wp-json\/wp\/v2\/product_tag?post=4258"}],"curies":[{"name":"wp","href":"https:\/\/api.w.org\/{rel}","templated":true}]}}