{"id":4242,"date":"2026-01-17T14:29:13","date_gmt":"2026-01-17T14:29:13","guid":{"rendered":"https:\/\/moonbrewmagic.com\/product\/bougeoir-chalice\/"},"modified":"2026-01-17T14:29:13","modified_gmt":"2026-01-17T14:29:13","slug":"bougeoir-chalice","status":"publish","type":"product","link":"https:\/\/moonbrewmagic.com\/fr\/produit\/bougeoir-chalice\/","title":{"rendered":"Bougeoir Chalice"},"content":{"rendered":"<p>Connectez-vous avec les forces mystiques gr\u00e2ce \u00e0 ce calice en fonte grav\u00e9 d&rsquo;un n\u0153ud triquetra et d&rsquo;un pentacle de corbeau au centre. Le triquetra honore les trois phases de la d\u00e9esse tandis que le pentacle offre une protection avec la sagesse magique de l&rsquo;animal spirituel corbeau \u00e0 l&rsquo;int\u00e9rieur. Parfait pour les sabbats, les rituels et la divination, ce calice vous relie aux cycles lunaires, \u00e0 la magie \u00e9l\u00e9mentaire et \u00e0 l&rsquo;\u00e9nergie transformatrice. Versez des offrandes sacr\u00e9es dans son int\u00e9rieur lisse tout en amplifiant les sorts et les intentions. Un r\u00e9cipient durable, coul\u00e9 \u00e0 la main, qui invoque les anciennes m\u00e9thodes.<br \/>La hauteur du porte-bougie est de 4,5&Prime;.    <\/p>\n","protected":false},"excerpt":{"rendered":"<p>Connectez-vous avec les forces mystiques gr\u00e2ce \u00e0 ce calice en fonte grav\u00e9 d&rsquo;un n\u0153ud triquetra et d&rsquo;un pentacle de corbeau [&hellip;]<\/p>\n","protected":false},"featured_media":1388,"template":"","meta":{"site-sidebar-layout":"default","site-content-layout":"","ast-site-content-layout":"default","site-content-style":"default","site-sidebar-style":"default","ast-global-header-display":"","ast-banner-title-visibility":"","ast-main-header-display":"","ast-hfb-above-header-display":"","ast-hfb-below-header-display":"","ast-hfb-mobile-header-display":"","site-post-title":"","ast-breadcrumbs-content":"","ast-featured-img":"","footer-sml-layout":"","ast-disable-related-posts":"","theme-transparent-header-meta":"default","adv-header-id-meta":"","stick-header-meta":"","header-above-stick-meta":"","header-main-stick-meta":"","header-below-stick-meta":"","astra-migrate-meta-layouts":"default","ast-page-background-enabled":"default","ast-page-background-meta":{"desktop":{"background-color":"var(--ast-global-color-5)","background-image":"","background-repeat":"repeat","background-position":"center center","background-size":"auto","background-attachment":"scroll","background-type":"","background-media":"","overlay-type":"","overlay-color":"","overlay-opacity":"","overlay-gradient":""},"tablet":{"background-color":"","background-image":"","background-repeat":"repeat","background-position":"center center","background-size":"auto","background-attachment":"scroll","background-type":"","background-media":"","overlay-type":"","overlay-color":"","overlay-opacity":"","overlay-gradient":""},"mobile":{"background-color":"","background-image":"","background-repeat":"repeat","background-position":"center center","background-size":"auto","background-attachment":"scroll","background-type":"","background-media":"","overlay-type":"","overlay-color":"","overlay-opacity":"","overlay-gradient":""}},"ast-content-background-meta":{"desktop":{"background-color":"var(--ast-global-color-4)","background-image":"","background-repeat":"repeat","background-position":"center center","background-size":"auto","background-attachment":"scroll","background-type":"","background-media":"","overlay-type":"","overlay-color":"","overlay-opacity":"","overlay-gradient":""},"tablet":{"background-color":"var(--ast-global-color-4)","background-image":"","background-repeat":"repeat","background-position":"center center","background-size":"auto","background-attachment":"scroll","background-type":"","background-media":"","overlay-type":"","overlay-color":"","overlay-opacity":"","overlay-gradient":""},"mobile":{"background-color":"var(--ast-global-color-4)","background-image":"","background-repeat":"repeat","background-position":"center center","background-size":"auto","background-attachment":"scroll","background-type":"","background-media":"","overlay-type":"","overlay-color":"","overlay-opacity":"","overlay-gradient":""}}},"product_brand":[],"product_cat":[77],"product_tag":[],"class_list":{"0":"post-4242","1":"product","2":"type-product","3":"status-publish","4":"has-post-thumbnail","6":"wc_square_synced-yes","7":"product_cat-accessoires","8":"desktop-align-left","9":"tablet-align-left","10":"mobile-align-left","12":"first","13":"instock","14":"taxable","15":"shipping-taxable","16":"purchasable","17":"product-type-simple"},"_links":{"self":[{"href":"https:\/\/moonbrewmagic.com\/fr\/wp-json\/wp\/v2\/product\/4242","targetHints":{"allow":["GET"]}}],"collection":[{"href":"https:\/\/moonbrewmagic.com\/fr\/wp-json\/wp\/v2\/product"}],"about":[{"href":"https:\/\/moonbrewmagic.com\/fr\/wp-json\/wp\/v2\/types\/product"}],"wp:featuredmedia":[{"embeddable":true,"href":"https:\/\/moonbrewmagic.com\/fr\/wp-json\/wp\/v2\/media\/1388"}],"wp:attachment":[{"href":"https:\/\/moonbrewmagic.com\/fr\/wp-json\/wp\/v2\/media?parent=4242"}],"wp:term":[{"taxonomy":"product_brand","embeddable":true,"href":"https:\/\/moonbrewmagic.com\/fr\/wp-json\/wp\/v2\/product_brand?post=4242"},{"taxonomy":"product_cat","embeddable":true,"href":"https:\/\/moonbrewmagic.com\/fr\/wp-json\/wp\/v2\/product_cat?post=4242"},{"taxonomy":"product_tag","embeddable":true,"href":"https:\/\/moonbrewmagic.com\/fr\/wp-json\/wp\/v2\/product_tag?post=4242"}],"curies":[{"name":"wp","href":"https:\/\/api.w.org\/{rel}","templated":true}]}}