{"id":4085,"date":"2026-03-09T11:36:02","date_gmt":"2026-03-09T11:36:02","guid":{"rendered":"https:\/\/moonbrewmagic.com\/product\/le-chemin-des-sorcieres-oracle\/"},"modified":"2026-03-09T11:36:02","modified_gmt":"2026-03-09T11:36:02","slug":"le-chemin-des-sorcieres-oracle","status":"publish","type":"product","link":"https:\/\/moonbrewmagic.com\/fr\/produit\/le-chemin-des-sorcieres-oracle\/","title":{"rendered":"Le chemin des sorci\u00e8res Oracle"},"content":{"rendered":"<p><strong>L&rsquo;Oracle Witches Way Home<\/strong> est un jeu mystique con\u00e7u pour vous guider vers votre pouvoir int\u00e9rieur et votre intuition. Rempli d&rsquo;images \u00e9vocatrices et de messages profonds, chaque carte offre un aper\u00e7u, un encouragement et une douce sagesse pour vous aider \u00e0 naviguer dans les m\u00e9andres de la vie. Que vous recherchiez la clart\u00e9, le d\u00e9veloppement personnel ou une connexion plus profonde avec votre moi magique, cet oracle vous offre un espace sacr\u00e9 pour r\u00e9fl\u00e9chir, gu\u00e9rir et suivre votre propre chemin. Parfait pour les tirages quotidiens, les rituels ou la contemplation tranquille, c&rsquo;est votre compagnon de route pour rentrer chez vous.   <\/p>\n","protected":false},"excerpt":{"rendered":"<p>L&rsquo;Oracle Witches Way Home est un jeu mystique con\u00e7u pour vous guider vers votre pouvoir int\u00e9rieur et votre intuition. Rempli [&hellip;]<\/p>\n","protected":false},"featured_media":2665,"template":"","meta":{"site-sidebar-layout":"default","site-content-layout":"","ast-site-content-layout":"default","site-content-style":"default","site-sidebar-style":"default","ast-global-header-display":"","ast-banner-title-visibility":"","ast-main-header-display":"","ast-hfb-above-header-display":"","ast-hfb-below-header-display":"","ast-hfb-mobile-header-display":"","site-post-title":"","ast-breadcrumbs-content":"","ast-featured-img":"","footer-sml-layout":"","ast-disable-related-posts":"","theme-transparent-header-meta":"","adv-header-id-meta":"","stick-header-meta":"","header-above-stick-meta":"","header-main-stick-meta":"","header-below-stick-meta":"","astra-migrate-meta-layouts":"default","ast-page-background-enabled":"default","ast-page-background-meta":{"desktop":{"background-color":"var(--ast-global-color-5)","background-image":"","background-repeat":"repeat","background-position":"center center","background-size":"auto","background-attachment":"scroll","background-type":"","background-media":"","overlay-type":"","overlay-color":"","overlay-opacity":"","overlay-gradient":""},"tablet":{"background-color":"","background-image":"","background-repeat":"repeat","background-position":"center center","background-size":"auto","background-attachment":"scroll","background-type":"","background-media":"","overlay-type":"","overlay-color":"","overlay-opacity":"","overlay-gradient":""},"mobile":{"background-color":"","background-image":"","background-repeat":"repeat","background-position":"center center","background-size":"auto","background-attachment":"scroll","background-type":"","background-media":"","overlay-type":"","overlay-color":"","overlay-opacity":"","overlay-gradient":""}},"ast-content-background-meta":{"desktop":{"background-color":"var(--ast-global-color-4)","background-image":"","background-repeat":"repeat","background-position":"center center","background-size":"auto","background-attachment":"scroll","background-type":"","background-media":"","overlay-type":"","overlay-color":"","overlay-opacity":"","overlay-gradient":""},"tablet":{"background-color":"var(--ast-global-color-4)","background-image":"","background-repeat":"repeat","background-position":"center center","background-size":"auto","background-attachment":"scroll","background-type":"","background-media":"","overlay-type":"","overlay-color":"","overlay-opacity":"","overlay-gradient":""},"mobile":{"background-color":"var(--ast-global-color-4)","background-image":"","background-repeat":"repeat","background-position":"center center","background-size":"auto","background-attachment":"scroll","background-type":"","background-media":"","overlay-type":"","overlay-color":"","overlay-opacity":"","overlay-gradient":""}}},"product_brand":[],"product_cat":[76],"product_tag":[],"class_list":{"0":"post-4085","1":"product","2":"type-product","3":"status-publish","4":"has-post-thumbnail","6":"wc_square_synced-yes","7":"product_cat-tarot-et-oracle","8":"desktop-align-left","9":"tablet-align-left","10":"mobile-align-left","12":"first","13":"instock","14":"taxable","15":"shipping-taxable","16":"purchasable","17":"product-type-simple"},"_links":{"self":[{"href":"https:\/\/moonbrewmagic.com\/fr\/wp-json\/wp\/v2\/product\/4085","targetHints":{"allow":["GET"]}}],"collection":[{"href":"https:\/\/moonbrewmagic.com\/fr\/wp-json\/wp\/v2\/product"}],"about":[{"href":"https:\/\/moonbrewmagic.com\/fr\/wp-json\/wp\/v2\/types\/product"}],"wp:featuredmedia":[{"embeddable":true,"href":"https:\/\/moonbrewmagic.com\/fr\/wp-json\/wp\/v2\/media\/2665"}],"wp:attachment":[{"href":"https:\/\/moonbrewmagic.com\/fr\/wp-json\/wp\/v2\/media?parent=4085"}],"wp:term":[{"taxonomy":"product_brand","embeddable":true,"href":"https:\/\/moonbrewmagic.com\/fr\/wp-json\/wp\/v2\/product_brand?post=4085"},{"taxonomy":"product_cat","embeddable":true,"href":"https:\/\/moonbrewmagic.com\/fr\/wp-json\/wp\/v2\/product_cat?post=4085"},{"taxonomy":"product_tag","embeddable":true,"href":"https:\/\/moonbrewmagic.com\/fr\/wp-json\/wp\/v2\/product_tag?post=4085"}],"curies":[{"name":"wp","href":"https:\/\/api.w.org\/{rel}","templated":true}]}}