{"id":3966,"date":"2026-01-17T14:28:50","date_gmt":"2026-01-17T14:28:50","guid":{"rendered":"https:\/\/moonbrewmagic.com\/product\/sac-a-cartes-de-tarot-en-velours-sacred-palm\/"},"modified":"2026-01-17T14:28:50","modified_gmt":"2026-01-17T14:28:50","slug":"sac-a-cartes-de-tarot-en-velours-sacred-palm","status":"publish","type":"product","link":"https:\/\/moonbrewmagic.com\/fr\/produit\/sac-a-cartes-de-tarot-en-velours-sacred-palm\/","title":{"rendered":"Sac \u00e0 cartes de tarot en velours Sacred Palm"},"content":{"rendered":"<p>Am\u00e9liorez votre bo\u00eete \u00e0 outils spirituelle avec nos luxueux sacs en velours pour cartes de tarot, con\u00e7us pour prot\u00e9ger vos objets sacr\u00e9s tout en affichant de superbes graphismes imprim\u00e9s. Parfaits pour des usages multiples tels que la divination, les gu\u00e9risseurs de cristaux et les collectionneurs de charmes, ces sacs polyvalents allient praticit\u00e9 et esth\u00e9tique mystique. Qu&rsquo;il s&rsquo;agisse de prot\u00e9ger votre jeu de tarot pr\u00e9f\u00e9r\u00e9, d&rsquo;organiser vos cristaux de gu\u00e9rison ou de ranger vos bijoux pr\u00e9cieux, ces pochettes en velours sont indispensables.  <\/p>\n<p>Des motifs imprim\u00e9s uniques pour une expression personnelle Chaque sac pr\u00e9sente un graphisme vibrant et accrocheur inspir\u00e9 de th\u00e8mes mystiques : lunes c\u00e9lestes, g\u00e9om\u00e9trie sacr\u00e9e ou motifs astrologiques. Exprimez votre cheminement spirituel avec un motif qui r\u00e9sonne avec votre \u00e9nergie. <\/p>\n<p>Solution de rangement polyvalente Outre les jeux de tarot, utilisez ces sacs pour ranger les cristaux, les bijoux, les herbes, les runes ou les petits outils rituels. Compacts et l\u00e9gers, ils sont id\u00e9aux pour les voyages, le stockage sur l&rsquo;autel ou pour offrir \u00e0 d&rsquo;autres praticiens. <\/p>\n","protected":false},"excerpt":{"rendered":"<p>Am\u00e9liorez votre bo\u00eete \u00e0 outils spirituelle avec nos luxueux sacs en velours pour cartes de tarot, con\u00e7us pour prot\u00e9ger vos [&hellip;]<\/p>\n","protected":false},"featured_media":1386,"template":"","meta":{"site-sidebar-layout":"default","site-content-layout":"","ast-site-content-layout":"default","site-content-style":"default","site-sidebar-style":"default","ast-global-header-display":"","ast-banner-title-visibility":"","ast-main-header-display":"","ast-hfb-above-header-display":"","ast-hfb-below-header-display":"","ast-hfb-mobile-header-display":"","site-post-title":"","ast-breadcrumbs-content":"","ast-featured-img":"","footer-sml-layout":"","ast-disable-related-posts":"","theme-transparent-header-meta":"default","adv-header-id-meta":"","stick-header-meta":"","header-above-stick-meta":"","header-main-stick-meta":"","header-below-stick-meta":"","astra-migrate-meta-layouts":"default","ast-page-background-enabled":"default","ast-page-background-meta":{"desktop":{"background-color":"var(--ast-global-color-5)","background-image":"","background-repeat":"repeat","background-position":"center center","background-size":"auto","background-attachment":"scroll","background-type":"","background-media":"","overlay-type":"","overlay-color":"","overlay-opacity":"","overlay-gradient":""},"tablet":{"background-color":"","background-image":"","background-repeat":"repeat","background-position":"center center","background-size":"auto","background-attachment":"scroll","background-type":"","background-media":"","overlay-type":"","overlay-color":"","overlay-opacity":"","overlay-gradient":""},"mobile":{"background-color":"","background-image":"","background-repeat":"repeat","background-position":"center center","background-size":"auto","background-attachment":"scroll","background-type":"","background-media":"","overlay-type":"","overlay-color":"","overlay-opacity":"","overlay-gradient":""}},"ast-content-background-meta":{"desktop":{"background-color":"var(--ast-global-color-4)","background-image":"","background-repeat":"repeat","background-position":"center center","background-size":"auto","background-attachment":"scroll","background-type":"","background-media":"","overlay-type":"","overlay-color":"","overlay-opacity":"","overlay-gradient":""},"tablet":{"background-color":"var(--ast-global-color-4)","background-image":"","background-repeat":"repeat","background-position":"center center","background-size":"auto","background-attachment":"scroll","background-type":"","background-media":"","overlay-type":"","overlay-color":"","overlay-opacity":"","overlay-gradient":""},"mobile":{"background-color":"var(--ast-global-color-4)","background-image":"","background-repeat":"repeat","background-position":"center center","background-size":"auto","background-attachment":"scroll","background-type":"","background-media":"","overlay-type":"","overlay-color":"","overlay-opacity":"","overlay-gradient":""}}},"product_brand":[],"product_cat":[77],"product_tag":[],"class_list":{"0":"post-3966","1":"product","2":"type-product","3":"status-publish","4":"has-post-thumbnail","6":"wc_square_synced-yes","7":"product_cat-accessoires","8":"desktop-align-left","9":"tablet-align-left","10":"mobile-align-left","12":"first","13":"outofstock","14":"taxable","15":"shipping-taxable","16":"purchasable","17":"product-type-simple"},"_links":{"self":[{"href":"https:\/\/moonbrewmagic.com\/fr\/wp-json\/wp\/v2\/product\/3966","targetHints":{"allow":["GET"]}}],"collection":[{"href":"https:\/\/moonbrewmagic.com\/fr\/wp-json\/wp\/v2\/product"}],"about":[{"href":"https:\/\/moonbrewmagic.com\/fr\/wp-json\/wp\/v2\/types\/product"}],"wp:featuredmedia":[{"embeddable":true,"href":"https:\/\/moonbrewmagic.com\/fr\/wp-json\/wp\/v2\/media\/1386"}],"wp:attachment":[{"href":"https:\/\/moonbrewmagic.com\/fr\/wp-json\/wp\/v2\/media?parent=3966"}],"wp:term":[{"taxonomy":"product_brand","embeddable":true,"href":"https:\/\/moonbrewmagic.com\/fr\/wp-json\/wp\/v2\/product_brand?post=3966"},{"taxonomy":"product_cat","embeddable":true,"href":"https:\/\/moonbrewmagic.com\/fr\/wp-json\/wp\/v2\/product_cat?post=3966"},{"taxonomy":"product_tag","embeddable":true,"href":"https:\/\/moonbrewmagic.com\/fr\/wp-json\/wp\/v2\/product_tag?post=3966"}],"curies":[{"name":"wp","href":"https:\/\/api.w.org\/{rel}","templated":true}]}}