{"id":3940,"date":"2026-01-17T14:23:34","date_gmt":"2026-01-17T14:23:34","guid":{"rendered":"https:\/\/moonbrewmagic.com\/product\/eau-de-nettoyage-spirituel-peaceful-home\/"},"modified":"2026-01-17T14:23:34","modified_gmt":"2026-01-17T14:23:34","slug":"eau-de-nettoyage-spirituel-peaceful-home","status":"publish","type":"product","link":"https:\/\/moonbrewmagic.com\/fr\/produit\/eau-de-nettoyage-spirituel-peaceful-home\/","title":{"rendered":"Eau de nettoyage spirituel Peaceful Home"},"content":{"rendered":"<p>Cr\u00e9ez un environnement calme et harmonieux avec notre eau de nettoyage Peaceful Home Cleansing Water. Infus\u00e9e d&rsquo;herbes, d&rsquo;huiles et de cristaux, cette eau spirituelle est con\u00e7ue pour nettoyer votre espace, vos objets ou vous-m\u00eame, en chassant la n\u00e9gativit\u00e9 et en invitant l&rsquo;\u00e9nergie positive. Enracin\u00e9e dans un rituel sacr\u00e9, elle allie la puret\u00e9 de l&rsquo;eau \u00e0 l&rsquo;\u00e9nergie intentionnelle, offrant un pont entre les domaines physique et spirituel tout en favorisant la tranquillit\u00e9, l&rsquo;\u00e9quilibre et un sens renouvel\u00e9 de l&rsquo;harmonie dans votre maison.    <\/p>\n","protected":false},"excerpt":{"rendered":"<p>Cr\u00e9ez un environnement calme et harmonieux avec notre eau de nettoyage Peaceful Home Cleansing Water. Infus\u00e9e d&rsquo;herbes, d&rsquo;huiles et de [&hellip;]<\/p>\n","protected":false},"featured_media":1461,"template":"","meta":{"site-sidebar-layout":"default","site-content-layout":"","ast-site-content-layout":"default","site-content-style":"default","site-sidebar-style":"default","ast-global-header-display":"","ast-banner-title-visibility":"","ast-main-header-display":"","ast-hfb-above-header-display":"","ast-hfb-below-header-display":"","ast-hfb-mobile-header-display":"","site-post-title":"","ast-breadcrumbs-content":"","ast-featured-img":"","footer-sml-layout":"","ast-disable-related-posts":"","theme-transparent-header-meta":"default","adv-header-id-meta":"","stick-header-meta":"","header-above-stick-meta":"","header-main-stick-meta":"","header-below-stick-meta":"","astra-migrate-meta-layouts":"default","ast-page-background-enabled":"default","ast-page-background-meta":{"desktop":{"background-color":"var(--ast-global-color-5)","background-image":"","background-repeat":"repeat","background-position":"center center","background-size":"auto","background-attachment":"scroll","background-type":"","background-media":"","overlay-type":"","overlay-color":"","overlay-opacity":"","overlay-gradient":""},"tablet":{"background-color":"","background-image":"","background-repeat":"repeat","background-position":"center center","background-size":"auto","background-attachment":"scroll","background-type":"","background-media":"","overlay-type":"","overlay-color":"","overlay-opacity":"","overlay-gradient":""},"mobile":{"background-color":"","background-image":"","background-repeat":"repeat","background-position":"center center","background-size":"auto","background-attachment":"scroll","background-type":"","background-media":"","overlay-type":"","overlay-color":"","overlay-opacity":"","overlay-gradient":""}},"ast-content-background-meta":{"desktop":{"background-color":"var(--ast-global-color-4)","background-image":"","background-repeat":"repeat","background-position":"center center","background-size":"auto","background-attachment":"scroll","background-type":"","background-media":"","overlay-type":"","overlay-color":"","overlay-opacity":"","overlay-gradient":""},"tablet":{"background-color":"var(--ast-global-color-4)","background-image":"","background-repeat":"repeat","background-position":"center center","background-size":"auto","background-attachment":"scroll","background-type":"","background-media":"","overlay-type":"","overlay-color":"","overlay-opacity":"","overlay-gradient":""},"mobile":{"background-color":"var(--ast-global-color-4)","background-image":"","background-repeat":"repeat","background-position":"center center","background-size":"auto","background-attachment":"scroll","background-type":"","background-media":"","overlay-type":"","overlay-color":"","overlay-opacity":"","overlay-gradient":""}}},"product_brand":[],"product_cat":[71],"product_tag":[],"class_list":{"0":"post-3940","1":"product","2":"type-product","3":"status-publish","4":"has-post-thumbnail","6":"wc_square_synced-yes","7":"product_cat-brumes-et-fumees","8":"desktop-align-left","9":"tablet-align-left","10":"mobile-align-left","12":"first","13":"instock","14":"taxable","15":"shipping-taxable","16":"purchasable","17":"product-type-simple"},"_links":{"self":[{"href":"https:\/\/moonbrewmagic.com\/fr\/wp-json\/wp\/v2\/product\/3940","targetHints":{"allow":["GET"]}}],"collection":[{"href":"https:\/\/moonbrewmagic.com\/fr\/wp-json\/wp\/v2\/product"}],"about":[{"href":"https:\/\/moonbrewmagic.com\/fr\/wp-json\/wp\/v2\/types\/product"}],"wp:featuredmedia":[{"embeddable":true,"href":"https:\/\/moonbrewmagic.com\/fr\/wp-json\/wp\/v2\/media\/1461"}],"wp:attachment":[{"href":"https:\/\/moonbrewmagic.com\/fr\/wp-json\/wp\/v2\/media?parent=3940"}],"wp:term":[{"taxonomy":"product_brand","embeddable":true,"href":"https:\/\/moonbrewmagic.com\/fr\/wp-json\/wp\/v2\/product_brand?post=3940"},{"taxonomy":"product_cat","embeddable":true,"href":"https:\/\/moonbrewmagic.com\/fr\/wp-json\/wp\/v2\/product_cat?post=3940"},{"taxonomy":"product_tag","embeddable":true,"href":"https:\/\/moonbrewmagic.com\/fr\/wp-json\/wp\/v2\/product_tag?post=3940"}],"curies":[{"name":"wp","href":"https:\/\/api.w.org\/{rel}","templated":true}]}}