{"id":3895,"date":"2026-01-17T14:22:07","date_gmt":"2026-01-17T14:22:07","guid":{"rendered":"https:\/\/moonbrewmagic.com\/product\/livre-dastrologie-les-manuels-des-arts-mystiques\/"},"modified":"2026-01-17T14:22:07","modified_gmt":"2026-01-17T14:22:07","slug":"livre-dastrologie-les-manuels-des-arts-mystiques","status":"publish","type":"product","link":"https:\/\/moonbrewmagic.com\/fr\/produit\/livre-dastrologie-les-manuels-des-arts-mystiques\/","title":{"rendered":"Livre d&rsquo;astrologie (Les manuels des arts mystiques)"},"content":{"rendered":"<p>Marion Williamson, auteur de best-sellers, nous fait d\u00e9couvrir les profondeurs de l&rsquo;astrologie, en abordant les horoscopes, les signes de lune et bien plus encore, dans ce magnifique guide aux accents dor\u00e9s.<\/p>\n<p><\/p>\n<p>L&rsquo;astrologie, c&rsquo;est plus que les 12 signes du zodiaque &#8211; c&rsquo;est un outil \u00e0 plusieurs niveaux et \u00e0 plusieurs facettes pour nous comprendre et comprendre les autres. Dans ce guide fascinant, vous d\u00e9couvrirez ce que votre signe solaire dit de vous, avec qui vous \u00eates le plus compatible sur le plan romantique, et comment vous pouvez progresser dans la vie gr\u00e2ce \u00e0 la vision des cieux. Des id\u00e9es plus avanc\u00e9es concernant des aspects tels que Mercure r\u00e9trograde, les signes lunaires et d&rsquo;autres termes astrologiques sont expliqu\u00e9s en d\u00e9tail et permettent au lecteur de commencer son voyage dans cette passion de toute une vie.  <\/p>\n<p><\/p>\n<p><\/p>\n","protected":false},"excerpt":{"rendered":"<p>Marion Williamson, auteur de best-sellers, nous fait d\u00e9couvrir les profondeurs de l&rsquo;astrologie, en abordant les horoscopes, les signes de lune [&hellip;]<\/p>\n","protected":false},"featured_media":5036,"template":"","meta":{"site-sidebar-layout":"default","site-content-layout":"","ast-site-content-layout":"default","site-content-style":"default","site-sidebar-style":"default","ast-global-header-display":"","ast-banner-title-visibility":"","ast-main-header-display":"","ast-hfb-above-header-display":"","ast-hfb-below-header-display":"","ast-hfb-mobile-header-display":"","site-post-title":"","ast-breadcrumbs-content":"","ast-featured-img":"","footer-sml-layout":"","ast-disable-related-posts":"","theme-transparent-header-meta":"default","adv-header-id-meta":"","stick-header-meta":"","header-above-stick-meta":"","header-main-stick-meta":"","header-below-stick-meta":"","astra-migrate-meta-layouts":"default","ast-page-background-enabled":"default","ast-page-background-meta":{"desktop":{"background-color":"var(--ast-global-color-5)","background-image":"","background-repeat":"repeat","background-position":"center center","background-size":"auto","background-attachment":"scroll","background-type":"","background-media":"","overlay-type":"","overlay-color":"","overlay-opacity":"","overlay-gradient":""},"tablet":{"background-color":"","background-image":"","background-repeat":"repeat","background-position":"center center","background-size":"auto","background-attachment":"scroll","background-type":"","background-media":"","overlay-type":"","overlay-color":"","overlay-opacity":"","overlay-gradient":""},"mobile":{"background-color":"","background-image":"","background-repeat":"repeat","background-position":"center center","background-size":"auto","background-attachment":"scroll","background-type":"","background-media":"","overlay-type":"","overlay-color":"","overlay-opacity":"","overlay-gradient":""}},"ast-content-background-meta":{"desktop":{"background-color":"var(--ast-global-color-4)","background-image":"","background-repeat":"repeat","background-position":"center center","background-size":"auto","background-attachment":"scroll","background-type":"","background-media":"","overlay-type":"","overlay-color":"","overlay-opacity":"","overlay-gradient":""},"tablet":{"background-color":"var(--ast-global-color-4)","background-image":"","background-repeat":"repeat","background-position":"center center","background-size":"auto","background-attachment":"scroll","background-type":"","background-media":"","overlay-type":"","overlay-color":"","overlay-opacity":"","overlay-gradient":""},"mobile":{"background-color":"var(--ast-global-color-4)","background-image":"","background-repeat":"repeat","background-position":"center center","background-size":"auto","background-attachment":"scroll","background-type":"","background-media":"","overlay-type":"","overlay-color":"","overlay-opacity":"","overlay-gradient":""}}},"product_brand":[],"product_cat":[79],"product_tag":[],"class_list":{"0":"post-3895","1":"product","2":"type-product","3":"status-publish","4":"has-post-thumbnail","6":"wc_square_synced-yes","7":"product_cat-livres","8":"desktop-align-left","9":"tablet-align-left","10":"mobile-align-left","12":"first","13":"instock","14":"taxable","15":"shipping-taxable","16":"purchasable","17":"product-type-simple"},"_links":{"self":[{"href":"https:\/\/moonbrewmagic.com\/fr\/wp-json\/wp\/v2\/product\/3895","targetHints":{"allow":["GET"]}}],"collection":[{"href":"https:\/\/moonbrewmagic.com\/fr\/wp-json\/wp\/v2\/product"}],"about":[{"href":"https:\/\/moonbrewmagic.com\/fr\/wp-json\/wp\/v2\/types\/product"}],"wp:featuredmedia":[{"embeddable":true,"href":"https:\/\/moonbrewmagic.com\/fr\/wp-json\/wp\/v2\/media\/5036"}],"wp:attachment":[{"href":"https:\/\/moonbrewmagic.com\/fr\/wp-json\/wp\/v2\/media?parent=3895"}],"wp:term":[{"taxonomy":"product_brand","embeddable":true,"href":"https:\/\/moonbrewmagic.com\/fr\/wp-json\/wp\/v2\/product_brand?post=3895"},{"taxonomy":"product_cat","embeddable":true,"href":"https:\/\/moonbrewmagic.com\/fr\/wp-json\/wp\/v2\/product_cat?post=3895"},{"taxonomy":"product_tag","embeddable":true,"href":"https:\/\/moonbrewmagic.com\/fr\/wp-json\/wp\/v2\/product_tag?post=3895"}],"curies":[{"name":"wp","href":"https:\/\/api.w.org\/{rel}","templated":true}]}}