{"id":3887,"date":"2026-01-17T14:21:36","date_gmt":"2026-01-17T14:21:36","guid":{"rendered":"https:\/\/moonbrewmagic.com\/product\/baton-de-fumee-en-cedre-et-sauge-4-en-anglais\/"},"modified":"2026-01-17T14:21:36","modified_gmt":"2026-01-17T14:21:36","slug":"baton-de-fumee-en-cedre-et-sauge-4-en-anglais","status":"publish","type":"product","link":"https:\/\/moonbrewmagic.com\/fr\/produit\/baton-de-fumee-en-cedre-et-sauge-4-en-anglais\/","title":{"rendered":"B\u00e2ton de fum\u00e9e en c\u00e8dre et sauge 4&Prime; (en anglais)"},"content":{"rendered":"<p>Utilisez le c\u00e8dre pour purifier votre espace, \u00e9vacuer les \u00e9nergies lourdes et inviter \u00e0 un sentiment d&rsquo;enracinement et de protection. V\u00e9n\u00e9r\u00e9e pour ses qualit\u00e9s purificatrices et \u00e9quilibrantes, la fum\u00e9e douce et bois\u00e9e aide \u00e0 \u00e9liminer la n\u00e9gativit\u00e9, \u00e0 calmer l&rsquo;esprit et \u00e0 r\u00e9tablir l&rsquo;harmonie dans votre environnement. Enracin\u00e9 dans la tradition sacr\u00e9e, le c\u00e8dre est depuis longtemps utilis\u00e9 dans les c\u00e9r\u00e9monies et les pratiques de gu\u00e9rison pour soutenir la purification \u00e9nerg\u00e9tique et favoriser une connexion plus profonde avec le spirituel, en ramenant le corps, l&rsquo;esprit et l&rsquo;\u00e2me \u00e0 l&rsquo;\u00e9quilibre.  <\/p>\n","protected":false},"excerpt":{"rendered":"<p>Utilisez le c\u00e8dre pour purifier votre espace, \u00e9vacuer les \u00e9nergies lourdes et inviter \u00e0 un sentiment d&rsquo;enracinement et de protection. [&hellip;]<\/p>\n","protected":false},"featured_media":1334,"template":"","meta":{"site-sidebar-layout":"default","site-content-layout":"","ast-site-content-layout":"default","site-content-style":"default","site-sidebar-style":"default","ast-global-header-display":"","ast-banner-title-visibility":"","ast-main-header-display":"","ast-hfb-above-header-display":"","ast-hfb-below-header-display":"","ast-hfb-mobile-header-display":"","site-post-title":"","ast-breadcrumbs-content":"","ast-featured-img":"","footer-sml-layout":"","ast-disable-related-posts":"","theme-transparent-header-meta":"default","adv-header-id-meta":"","stick-header-meta":"","header-above-stick-meta":"","header-main-stick-meta":"","header-below-stick-meta":"","astra-migrate-meta-layouts":"default","ast-page-background-enabled":"default","ast-page-background-meta":{"desktop":{"background-color":"var(--ast-global-color-5)","background-image":"","background-repeat":"repeat","background-position":"center center","background-size":"auto","background-attachment":"scroll","background-type":"","background-media":"","overlay-type":"","overlay-color":"","overlay-opacity":"","overlay-gradient":""},"tablet":{"background-color":"","background-image":"","background-repeat":"repeat","background-position":"center center","background-size":"auto","background-attachment":"scroll","background-type":"","background-media":"","overlay-type":"","overlay-color":"","overlay-opacity":"","overlay-gradient":""},"mobile":{"background-color":"","background-image":"","background-repeat":"repeat","background-position":"center center","background-size":"auto","background-attachment":"scroll","background-type":"","background-media":"","overlay-type":"","overlay-color":"","overlay-opacity":"","overlay-gradient":""}},"ast-content-background-meta":{"desktop":{"background-color":"var(--ast-global-color-4)","background-image":"","background-repeat":"repeat","background-position":"center center","background-size":"auto","background-attachment":"scroll","background-type":"","background-media":"","overlay-type":"","overlay-color":"","overlay-opacity":"","overlay-gradient":""},"tablet":{"background-color":"var(--ast-global-color-4)","background-image":"","background-repeat":"repeat","background-position":"center center","background-size":"auto","background-attachment":"scroll","background-type":"","background-media":"","overlay-type":"","overlay-color":"","overlay-opacity":"","overlay-gradient":""},"mobile":{"background-color":"var(--ast-global-color-4)","background-image":"","background-repeat":"repeat","background-position":"center center","background-size":"auto","background-attachment":"scroll","background-type":"","background-media":"","overlay-type":"","overlay-color":"","overlay-opacity":"","overlay-gradient":""}}},"product_brand":[],"product_cat":[71],"product_tag":[],"class_list":{"0":"post-3887","1":"product","2":"type-product","3":"status-publish","4":"has-post-thumbnail","6":"wc_square_synced-yes","7":"product_cat-brumes-et-fumees","8":"desktop-align-left","9":"tablet-align-left","10":"mobile-align-left","12":"first","13":"outofstock","14":"taxable","15":"shipping-taxable","16":"purchasable","17":"product-type-simple"},"_links":{"self":[{"href":"https:\/\/moonbrewmagic.com\/fr\/wp-json\/wp\/v2\/product\/3887","targetHints":{"allow":["GET"]}}],"collection":[{"href":"https:\/\/moonbrewmagic.com\/fr\/wp-json\/wp\/v2\/product"}],"about":[{"href":"https:\/\/moonbrewmagic.com\/fr\/wp-json\/wp\/v2\/types\/product"}],"wp:featuredmedia":[{"embeddable":true,"href":"https:\/\/moonbrewmagic.com\/fr\/wp-json\/wp\/v2\/media\/1334"}],"wp:attachment":[{"href":"https:\/\/moonbrewmagic.com\/fr\/wp-json\/wp\/v2\/media?parent=3887"}],"wp:term":[{"taxonomy":"product_brand","embeddable":true,"href":"https:\/\/moonbrewmagic.com\/fr\/wp-json\/wp\/v2\/product_brand?post=3887"},{"taxonomy":"product_cat","embeddable":true,"href":"https:\/\/moonbrewmagic.com\/fr\/wp-json\/wp\/v2\/product_cat?post=3887"},{"taxonomy":"product_tag","embeddable":true,"href":"https:\/\/moonbrewmagic.com\/fr\/wp-json\/wp\/v2\/product_tag?post=3887"}],"curies":[{"name":"wp","href":"https:\/\/api.w.org\/{rel}","templated":true}]}}