{"id":3868,"date":"2026-01-17T14:21:11","date_gmt":"2026-01-17T14:21:11","guid":{"rendered":"https:\/\/moonbrewmagic.com\/product\/midnight-bloom-floral-white-sage-smudge-stick-4-baton-de-fumee\/"},"modified":"2026-01-17T14:21:11","modified_gmt":"2026-01-17T14:21:11","slug":"midnight-bloom-floral-white-sage-smudge-stick-4-baton-de-fumee","status":"publish","type":"product","link":"https:\/\/moonbrewmagic.com\/fr\/produit\/midnight-bloom-floral-white-sage-smudge-stick-4-baton-de-fumee\/","title":{"rendered":"Midnight Bloom Floral White Sage Smudge Stick 4&Prime; (b\u00e2ton de fum\u00e9e)"},"content":{"rendered":"<p>Ce b\u00e2ton est sp\u00e9cialement con\u00e7u pour bannir la n\u00e9gativit\u00e9, chasser les \u00e9nergies intrusives et fournir une solide couche de protection spirituelle. Fabriqu\u00e9e \u00e0 partir de sauge blanche (Salvia Apiana) d&rsquo;origine responsable, sa fum\u00e9e purifiante aide \u00e0 nettoyer le corps, l&rsquo;esprit et l&rsquo;environnement, favorisant l&rsquo;\u00e9quilibre, la clart\u00e9 et le calme \u00e9motionnel. Enracin\u00e9e dans les traditions indig\u00e8nes sacr\u00e9es, la fum\u00e9e de sauge blanche favorise la purification, la connexion spirituelle et l&rsquo;\u00e9limination des obstacles \u00e9nerg\u00e9tiques, cr\u00e9ant ainsi un espace prot\u00e9g\u00e9 et harmonieux.    <\/p>\n","protected":false},"excerpt":{"rendered":"<p>Ce b\u00e2ton est sp\u00e9cialement con\u00e7u pour bannir la n\u00e9gativit\u00e9, chasser les \u00e9nergies intrusives et fournir une solide couche de protection [&hellip;]<\/p>\n","protected":false},"featured_media":1355,"template":"","meta":{"site-sidebar-layout":"default","site-content-layout":"","ast-site-content-layout":"default","site-content-style":"default","site-sidebar-style":"default","ast-global-header-display":"","ast-banner-title-visibility":"","ast-main-header-display":"","ast-hfb-above-header-display":"","ast-hfb-below-header-display":"","ast-hfb-mobile-header-display":"","site-post-title":"","ast-breadcrumbs-content":"","ast-featured-img":"","footer-sml-layout":"","ast-disable-related-posts":"","theme-transparent-header-meta":"default","adv-header-id-meta":"","stick-header-meta":"","header-above-stick-meta":"","header-main-stick-meta":"","header-below-stick-meta":"","astra-migrate-meta-layouts":"default","ast-page-background-enabled":"default","ast-page-background-meta":{"desktop":{"background-color":"var(--ast-global-color-5)","background-image":"","background-repeat":"repeat","background-position":"center center","background-size":"auto","background-attachment":"scroll","background-type":"","background-media":"","overlay-type":"","overlay-color":"","overlay-opacity":"","overlay-gradient":""},"tablet":{"background-color":"","background-image":"","background-repeat":"repeat","background-position":"center center","background-size":"auto","background-attachment":"scroll","background-type":"","background-media":"","overlay-type":"","overlay-color":"","overlay-opacity":"","overlay-gradient":""},"mobile":{"background-color":"","background-image":"","background-repeat":"repeat","background-position":"center center","background-size":"auto","background-attachment":"scroll","background-type":"","background-media":"","overlay-type":"","overlay-color":"","overlay-opacity":"","overlay-gradient":""}},"ast-content-background-meta":{"desktop":{"background-color":"var(--ast-global-color-4)","background-image":"","background-repeat":"repeat","background-position":"center center","background-size":"auto","background-attachment":"scroll","background-type":"","background-media":"","overlay-type":"","overlay-color":"","overlay-opacity":"","overlay-gradient":""},"tablet":{"background-color":"var(--ast-global-color-4)","background-image":"","background-repeat":"repeat","background-position":"center center","background-size":"auto","background-attachment":"scroll","background-type":"","background-media":"","overlay-type":"","overlay-color":"","overlay-opacity":"","overlay-gradient":""},"mobile":{"background-color":"var(--ast-global-color-4)","background-image":"","background-repeat":"repeat","background-position":"center center","background-size":"auto","background-attachment":"scroll","background-type":"","background-media":"","overlay-type":"","overlay-color":"","overlay-opacity":"","overlay-gradient":""}}},"product_brand":[],"product_cat":[71],"product_tag":[],"class_list":{"0":"post-3868","1":"product","2":"type-product","3":"status-publish","4":"has-post-thumbnail","6":"wc_square_synced-yes","7":"product_cat-brumes-et-fumees","8":"desktop-align-left","9":"tablet-align-left","10":"mobile-align-left","12":"first","13":"instock","14":"taxable","15":"shipping-taxable","16":"purchasable","17":"product-type-simple"},"_links":{"self":[{"href":"https:\/\/moonbrewmagic.com\/fr\/wp-json\/wp\/v2\/product\/3868","targetHints":{"allow":["GET"]}}],"collection":[{"href":"https:\/\/moonbrewmagic.com\/fr\/wp-json\/wp\/v2\/product"}],"about":[{"href":"https:\/\/moonbrewmagic.com\/fr\/wp-json\/wp\/v2\/types\/product"}],"wp:featuredmedia":[{"embeddable":true,"href":"https:\/\/moonbrewmagic.com\/fr\/wp-json\/wp\/v2\/media\/1355"}],"wp:attachment":[{"href":"https:\/\/moonbrewmagic.com\/fr\/wp-json\/wp\/v2\/media?parent=3868"}],"wp:term":[{"taxonomy":"product_brand","embeddable":true,"href":"https:\/\/moonbrewmagic.com\/fr\/wp-json\/wp\/v2\/product_brand?post=3868"},{"taxonomy":"product_cat","embeddable":true,"href":"https:\/\/moonbrewmagic.com\/fr\/wp-json\/wp\/v2\/product_cat?post=3868"},{"taxonomy":"product_tag","embeddable":true,"href":"https:\/\/moonbrewmagic.com\/fr\/wp-json\/wp\/v2\/product_tag?post=3868"}],"curies":[{"name":"wp","href":"https:\/\/api.w.org\/{rel}","templated":true}]}}