{"id":3845,"date":"2026-01-17T14:21:06","date_gmt":"2026-01-17T14:21:06","guid":{"rendered":"https:\/\/moonbrewmagic.com\/product\/baton-de-fumee-eucalyptus-sauge-4-en-anglais\/"},"modified":"2026-01-17T14:21:06","modified_gmt":"2026-01-17T14:21:06","slug":"baton-de-fumee-eucalyptus-sauge-4-en-anglais","status":"publish","type":"product","link":"https:\/\/moonbrewmagic.com\/fr\/produit\/baton-de-fumee-eucalyptus-sauge-4-en-anglais\/","title":{"rendered":"B\u00e2ton de fum\u00e9e Eucalyptus Sauge 4&Prime; (en anglais)"},"content":{"rendered":"<p>Bannissez les \u00e9nergies lourdes et les esprits ind\u00e9sirables gr\u00e2ce \u00e0 la fum\u00e9e ac\u00e9r\u00e9e et purifiante de l&rsquo;eucalyptus, souvent appel\u00e9 \u00ab\u00a0balai spirituel\u00a0\u00bb pour sa capacit\u00e9 \u00e0 balayer les \u00e9nergies stagnantes et \u00e0 \u00e9liminer la n\u00e9gativit\u00e9. Lorsqu&rsquo;il est br\u00fbl\u00e9, il aide \u00e0 sceller votre espace avec une barri\u00e8re protectrice tout en invitant une \u00e9nergie fra\u00eeche et hautement vibratoire dans votre maison et votre vie. Enracin\u00e9 dans les traditions sacr\u00e9es de purification, l&rsquo;eucalyptus favorise la purification sur les plans physique, \u00e9motionnel, mental et spirituel, offrant clart\u00e9, \u00e9quilibre et un sentiment renouvel\u00e9 de bien-\u00eatre \u00e9nerg\u00e9tique.  <\/p>\n","protected":false},"excerpt":{"rendered":"<p>Bannissez les \u00e9nergies lourdes et les esprits ind\u00e9sirables gr\u00e2ce \u00e0 la fum\u00e9e ac\u00e9r\u00e9e et purifiante de l&rsquo;eucalyptus, souvent appel\u00e9 \u00ab\u00a0balai [&hellip;]<\/p>\n","protected":false},"featured_media":1347,"template":"","meta":{"site-sidebar-layout":"default","site-content-layout":"","ast-site-content-layout":"default","site-content-style":"default","site-sidebar-style":"default","ast-global-header-display":"","ast-banner-title-visibility":"","ast-main-header-display":"","ast-hfb-above-header-display":"","ast-hfb-below-header-display":"","ast-hfb-mobile-header-display":"","site-post-title":"","ast-breadcrumbs-content":"","ast-featured-img":"","footer-sml-layout":"","ast-disable-related-posts":"","theme-transparent-header-meta":"default","adv-header-id-meta":"","stick-header-meta":"","header-above-stick-meta":"","header-main-stick-meta":"","header-below-stick-meta":"","astra-migrate-meta-layouts":"default","ast-page-background-enabled":"default","ast-page-background-meta":{"desktop":{"background-color":"var(--ast-global-color-5)","background-image":"","background-repeat":"repeat","background-position":"center center","background-size":"auto","background-attachment":"scroll","background-type":"","background-media":"","overlay-type":"","overlay-color":"","overlay-opacity":"","overlay-gradient":""},"tablet":{"background-color":"","background-image":"","background-repeat":"repeat","background-position":"center center","background-size":"auto","background-attachment":"scroll","background-type":"","background-media":"","overlay-type":"","overlay-color":"","overlay-opacity":"","overlay-gradient":""},"mobile":{"background-color":"","background-image":"","background-repeat":"repeat","background-position":"center center","background-size":"auto","background-attachment":"scroll","background-type":"","background-media":"","overlay-type":"","overlay-color":"","overlay-opacity":"","overlay-gradient":""}},"ast-content-background-meta":{"desktop":{"background-color":"var(--ast-global-color-4)","background-image":"","background-repeat":"repeat","background-position":"center center","background-size":"auto","background-attachment":"scroll","background-type":"","background-media":"","overlay-type":"","overlay-color":"","overlay-opacity":"","overlay-gradient":""},"tablet":{"background-color":"var(--ast-global-color-4)","background-image":"","background-repeat":"repeat","background-position":"center center","background-size":"auto","background-attachment":"scroll","background-type":"","background-media":"","overlay-type":"","overlay-color":"","overlay-opacity":"","overlay-gradient":""},"mobile":{"background-color":"var(--ast-global-color-4)","background-image":"","background-repeat":"repeat","background-position":"center center","background-size":"auto","background-attachment":"scroll","background-type":"","background-media":"","overlay-type":"","overlay-color":"","overlay-opacity":"","overlay-gradient":""}}},"product_brand":[],"product_cat":[71],"product_tag":[],"class_list":{"0":"post-3845","1":"product","2":"type-product","3":"status-publish","4":"has-post-thumbnail","6":"wc_square_synced-yes","7":"product_cat-brumes-et-fumees","8":"desktop-align-left","9":"tablet-align-left","10":"mobile-align-left","12":"first","13":"instock","14":"taxable","15":"shipping-taxable","16":"purchasable","17":"product-type-simple"},"_links":{"self":[{"href":"https:\/\/moonbrewmagic.com\/fr\/wp-json\/wp\/v2\/product\/3845","targetHints":{"allow":["GET"]}}],"collection":[{"href":"https:\/\/moonbrewmagic.com\/fr\/wp-json\/wp\/v2\/product"}],"about":[{"href":"https:\/\/moonbrewmagic.com\/fr\/wp-json\/wp\/v2\/types\/product"}],"wp:featuredmedia":[{"embeddable":true,"href":"https:\/\/moonbrewmagic.com\/fr\/wp-json\/wp\/v2\/media\/1347"}],"wp:attachment":[{"href":"https:\/\/moonbrewmagic.com\/fr\/wp-json\/wp\/v2\/media?parent=3845"}],"wp:term":[{"taxonomy":"product_brand","embeddable":true,"href":"https:\/\/moonbrewmagic.com\/fr\/wp-json\/wp\/v2\/product_brand?post=3845"},{"taxonomy":"product_cat","embeddable":true,"href":"https:\/\/moonbrewmagic.com\/fr\/wp-json\/wp\/v2\/product_cat?post=3845"},{"taxonomy":"product_tag","embeddable":true,"href":"https:\/\/moonbrewmagic.com\/fr\/wp-json\/wp\/v2\/product_tag?post=3845"}],"curies":[{"name":"wp","href":"https:\/\/api.w.org\/{rel}","templated":true}]}}