{"id":3837,"date":"2026-01-17T14:21:03","date_gmt":"2026-01-17T14:21:03","guid":{"rendered":"https:\/\/moonbrewmagic.com\/product\/boules-de-palo-santo-chakra-harmony-trempees-dans-leau\/"},"modified":"2026-01-17T14:21:03","modified_gmt":"2026-01-17T14:21:03","slug":"boules-de-palo-santo-chakra-harmony-trempees-dans-leau","status":"publish","type":"product","link":"https:\/\/moonbrewmagic.com\/fr\/produit\/boules-de-palo-santo-chakra-harmony-trempees-dans-leau\/","title":{"rendered":"Boules de Palo Santo Chakra Harmony tremp\u00e9es dans l&rsquo;eau"},"content":{"rendered":"<p>Faites l&rsquo;exp\u00e9rience du pouvoir apaisant et purificateur de nos Chakra Harmony Palo Santo Pops. Fabriqu\u00e9s \u00e0 partir de bois sacr\u00e9 de Palo Santo et m\u00e9lang\u00e9s \u00e0 des herbes aromatiques, ces b\u00e2tons de purification innovants offrent un moyen pratique et portable de nettoyer votre espace et d&rsquo;\u00e9quilibrer votre \u00e9nergie. Chaque bouchon lib\u00e8re une fum\u00e9e calmante et parfum\u00e9e qui favorise la relaxation, la pleine conscience et la connexion spirituelle &#8211; parfait pour une utilisation \u00e0 la maison ou en d\u00e9placement. Embrassez les \u00e9nergies harmonisantes du Palo Santo et \u00e9levez votre rituel avec ces bougies enchanteresses et faciles \u00e0 utiliser&#8230;   <\/p>\n","protected":false},"excerpt":{"rendered":"<p>Faites l&rsquo;exp\u00e9rience du pouvoir apaisant et purificateur de nos Chakra Harmony Palo Santo Pops. Fabriqu\u00e9s \u00e0 partir de bois sacr\u00e9 [&hellip;]<\/p>\n","protected":false},"featured_media":2371,"template":"","meta":{"site-sidebar-layout":"default","site-content-layout":"","ast-site-content-layout":"default","site-content-style":"default","site-sidebar-style":"default","ast-global-header-display":"","ast-banner-title-visibility":"","ast-main-header-display":"","ast-hfb-above-header-display":"","ast-hfb-below-header-display":"","ast-hfb-mobile-header-display":"","site-post-title":"","ast-breadcrumbs-content":"","ast-featured-img":"","footer-sml-layout":"","ast-disable-related-posts":"","theme-transparent-header-meta":"","adv-header-id-meta":"","stick-header-meta":"","header-above-stick-meta":"","header-main-stick-meta":"","header-below-stick-meta":"","astra-migrate-meta-layouts":"default","ast-page-background-enabled":"default","ast-page-background-meta":{"desktop":{"background-color":"var(--ast-global-color-5)","background-image":"","background-repeat":"repeat","background-position":"center center","background-size":"auto","background-attachment":"scroll","background-type":"","background-media":"","overlay-type":"","overlay-color":"","overlay-opacity":"","overlay-gradient":""},"tablet":{"background-color":"","background-image":"","background-repeat":"repeat","background-position":"center center","background-size":"auto","background-attachment":"scroll","background-type":"","background-media":"","overlay-type":"","overlay-color":"","overlay-opacity":"","overlay-gradient":""},"mobile":{"background-color":"","background-image":"","background-repeat":"repeat","background-position":"center center","background-size":"auto","background-attachment":"scroll","background-type":"","background-media":"","overlay-type":"","overlay-color":"","overlay-opacity":"","overlay-gradient":""}},"ast-content-background-meta":{"desktop":{"background-color":"var(--ast-global-color-4)","background-image":"","background-repeat":"repeat","background-position":"center center","background-size":"auto","background-attachment":"scroll","background-type":"","background-media":"","overlay-type":"","overlay-color":"","overlay-opacity":"","overlay-gradient":""},"tablet":{"background-color":"var(--ast-global-color-4)","background-image":"","background-repeat":"repeat","background-position":"center center","background-size":"auto","background-attachment":"scroll","background-type":"","background-media":"","overlay-type":"","overlay-color":"","overlay-opacity":"","overlay-gradient":""},"mobile":{"background-color":"var(--ast-global-color-4)","background-image":"","background-repeat":"repeat","background-position":"center center","background-size":"auto","background-attachment":"scroll","background-type":"","background-media":"","overlay-type":"","overlay-color":"","overlay-opacity":"","overlay-gradient":""}}},"product_brand":[],"product_cat":[71],"product_tag":[],"class_list":{"0":"post-3837","1":"product","2":"type-product","3":"status-publish","4":"has-post-thumbnail","6":"wc_square_synced-yes","7":"product_cat-brumes-et-fumees","8":"desktop-align-left","9":"tablet-align-left","10":"mobile-align-left","12":"first","13":"outofstock","14":"taxable","15":"shipping-taxable","16":"purchasable","17":"product-type-simple"},"_links":{"self":[{"href":"https:\/\/moonbrewmagic.com\/fr\/wp-json\/wp\/v2\/product\/3837","targetHints":{"allow":["GET"]}}],"collection":[{"href":"https:\/\/moonbrewmagic.com\/fr\/wp-json\/wp\/v2\/product"}],"about":[{"href":"https:\/\/moonbrewmagic.com\/fr\/wp-json\/wp\/v2\/types\/product"}],"wp:featuredmedia":[{"embeddable":true,"href":"https:\/\/moonbrewmagic.com\/fr\/wp-json\/wp\/v2\/media\/2371"}],"wp:attachment":[{"href":"https:\/\/moonbrewmagic.com\/fr\/wp-json\/wp\/v2\/media?parent=3837"}],"wp:term":[{"taxonomy":"product_brand","embeddable":true,"href":"https:\/\/moonbrewmagic.com\/fr\/wp-json\/wp\/v2\/product_brand?post=3837"},{"taxonomy":"product_cat","embeddable":true,"href":"https:\/\/moonbrewmagic.com\/fr\/wp-json\/wp\/v2\/product_cat?post=3837"},{"taxonomy":"product_tag","embeddable":true,"href":"https:\/\/moonbrewmagic.com\/fr\/wp-json\/wp\/v2\/product_tag?post=3837"}],"curies":[{"name":"wp","href":"https:\/\/api.w.org\/{rel}","templated":true}]}}