{"id":3827,"date":"2026-01-24T20:59:22","date_gmt":"2026-01-24T20:59:22","guid":{"rendered":"https:\/\/moonbrewmagic.com\/product\/visions-etherees-edition-luna\/"},"modified":"2026-01-24T20:59:22","modified_gmt":"2026-01-24T20:59:22","slug":"visions-etherees-edition-luna","status":"publish","type":"product","link":"https:\/\/moonbrewmagic.com\/fr\/produit\/visions-etherees-edition-luna\/","title":{"rendered":"Visions \u00e9th\u00e9r\u00e9es \u00c9dition Luna"},"content":{"rendered":"<p><strong>Ethereal Visions Luna Edition<\/strong> est un jeu de tarot magnifiquement envo\u00fbtant inspir\u00e9 par l&rsquo;imagerie du clair de lune et les paysages \u00e9th\u00e9r\u00e9s. Avec ses illustrations d\u00e9licates et mystiques, il encourage les lectures intuitives, l&rsquo;introspection et une connexion profonde avec le subconscient. Ce jeu invite \u00e0 l&rsquo;exploration des \u00e9motions, des r\u00eaves et de la guidance spirituelle sous la lumi\u00e8re de la lune.  <br \/><em>Parfait pour les lecteurs intuitifs, les r\u00eaveurs et tous ceux qui sont attir\u00e9s par le tarot mystique d&rsquo;inspiration lunaire.<\/em><\/p>\n","protected":false},"excerpt":{"rendered":"<p>Ethereal Visions Luna Edition est un jeu de tarot magnifiquement envo\u00fbtant inspir\u00e9 par l&rsquo;imagerie du clair de lune et les [&hellip;]<\/p>\n","protected":false},"featured_media":1344,"template":"","meta":{"site-sidebar-layout":"default","site-content-layout":"","ast-site-content-layout":"default","site-content-style":"default","site-sidebar-style":"default","ast-global-header-display":"","ast-banner-title-visibility":"","ast-main-header-display":"","ast-hfb-above-header-display":"","ast-hfb-below-header-display":"","ast-hfb-mobile-header-display":"","site-post-title":"","ast-breadcrumbs-content":"","ast-featured-img":"","footer-sml-layout":"","ast-disable-related-posts":"","theme-transparent-header-meta":"","adv-header-id-meta":"","stick-header-meta":"","header-above-stick-meta":"","header-main-stick-meta":"","header-below-stick-meta":"","astra-migrate-meta-layouts":"default","ast-page-background-enabled":"default","ast-page-background-meta":{"desktop":{"background-color":"var(--ast-global-color-5)","background-image":"","background-repeat":"repeat","background-position":"center center","background-size":"auto","background-attachment":"scroll","background-type":"","background-media":"","overlay-type":"","overlay-color":"","overlay-opacity":"","overlay-gradient":""},"tablet":{"background-color":"","background-image":"","background-repeat":"repeat","background-position":"center center","background-size":"auto","background-attachment":"scroll","background-type":"","background-media":"","overlay-type":"","overlay-color":"","overlay-opacity":"","overlay-gradient":""},"mobile":{"background-color":"","background-image":"","background-repeat":"repeat","background-position":"center center","background-size":"auto","background-attachment":"scroll","background-type":"","background-media":"","overlay-type":"","overlay-color":"","overlay-opacity":"","overlay-gradient":""}},"ast-content-background-meta":{"desktop":{"background-color":"var(--ast-global-color-4)","background-image":"","background-repeat":"repeat","background-position":"center center","background-size":"auto","background-attachment":"scroll","background-type":"","background-media":"","overlay-type":"","overlay-color":"","overlay-opacity":"","overlay-gradient":""},"tablet":{"background-color":"var(--ast-global-color-4)","background-image":"","background-repeat":"repeat","background-position":"center center","background-size":"auto","background-attachment":"scroll","background-type":"","background-media":"","overlay-type":"","overlay-color":"","overlay-opacity":"","overlay-gradient":""},"mobile":{"background-color":"var(--ast-global-color-4)","background-image":"","background-repeat":"repeat","background-position":"center center","background-size":"auto","background-attachment":"scroll","background-type":"","background-media":"","overlay-type":"","overlay-color":"","overlay-opacity":"","overlay-gradient":""}}},"product_brand":[],"product_cat":[76],"product_tag":[],"class_list":{"0":"post-3827","1":"product","2":"type-product","3":"status-publish","4":"has-post-thumbnail","6":"wc_square_synced-yes","7":"product_cat-tarot-et-oracle","8":"desktop-align-left","9":"tablet-align-left","10":"mobile-align-left","12":"first","13":"instock","14":"taxable","15":"shipping-taxable","16":"purchasable","17":"product-type-simple"},"_links":{"self":[{"href":"https:\/\/moonbrewmagic.com\/fr\/wp-json\/wp\/v2\/product\/3827","targetHints":{"allow":["GET"]}}],"collection":[{"href":"https:\/\/moonbrewmagic.com\/fr\/wp-json\/wp\/v2\/product"}],"about":[{"href":"https:\/\/moonbrewmagic.com\/fr\/wp-json\/wp\/v2\/types\/product"}],"wp:featuredmedia":[{"embeddable":true,"href":"https:\/\/moonbrewmagic.com\/fr\/wp-json\/wp\/v2\/media\/1344"}],"wp:attachment":[{"href":"https:\/\/moonbrewmagic.com\/fr\/wp-json\/wp\/v2\/media?parent=3827"}],"wp:term":[{"taxonomy":"product_brand","embeddable":true,"href":"https:\/\/moonbrewmagic.com\/fr\/wp-json\/wp\/v2\/product_brand?post=3827"},{"taxonomy":"product_cat","embeddable":true,"href":"https:\/\/moonbrewmagic.com\/fr\/wp-json\/wp\/v2\/product_cat?post=3827"},{"taxonomy":"product_tag","embeddable":true,"href":"https:\/\/moonbrewmagic.com\/fr\/wp-json\/wp\/v2\/product_tag?post=3827"}],"curies":[{"name":"wp","href":"https:\/\/api.w.org\/{rel}","templated":true}]}}