{"id":3802,"date":"2026-01-24T20:59:22","date_gmt":"2026-01-24T20:59:22","guid":{"rendered":"https:\/\/moonbrewmagic.com\/product\/le-tarot-qabalistique\/"},"modified":"2026-01-24T20:59:22","modified_gmt":"2026-01-24T20:59:22","slug":"le-tarot-qabalistique","status":"publish","type":"product","link":"https:\/\/moonbrewmagic.com\/fr\/produit\/le-tarot-qabalistique\/","title":{"rendered":"Le Tarot Qabalistique"},"content":{"rendered":"<p><strong>Le Tarot Qabalistique<\/strong> est un guide qui combine la sagesse du tarot avec les enseignements mystiques de la Kabbale. Explorant le symbolisme, les correspondances et la vision spirituelle, il aide les lecteurs \u00e0 approfondir leur compr\u00e9hension des cartes et \u00e0 se connecter aux \u00e9nergies sup\u00e9rieures dans leurs lectures. <br \/><em>Parfait pour les amateurs de tarot, les mystiques et tous ceux qui s&rsquo;int\u00e9ressent \u00e0 l&rsquo;intersection du tarot et de la sagesse kabbalistique.<\/em><\/p>\n","protected":false},"excerpt":{"rendered":"<p>Le Tarot Qabalistique est un guide qui combine la sagesse du tarot avec les enseignements mystiques de la Kabbale. Explorant [&hellip;]<\/p>\n","protected":false},"featured_media":1404,"template":"","meta":{"site-sidebar-layout":"default","site-content-layout":"","ast-site-content-layout":"default","site-content-style":"default","site-sidebar-style":"default","ast-global-header-display":"","ast-banner-title-visibility":"","ast-main-header-display":"","ast-hfb-above-header-display":"","ast-hfb-below-header-display":"","ast-hfb-mobile-header-display":"","site-post-title":"","ast-breadcrumbs-content":"","ast-featured-img":"","footer-sml-layout":"","ast-disable-related-posts":"","theme-transparent-header-meta":"default","adv-header-id-meta":"","stick-header-meta":"","header-above-stick-meta":"","header-main-stick-meta":"","header-below-stick-meta":"","astra-migrate-meta-layouts":"default","ast-page-background-enabled":"default","ast-page-background-meta":{"desktop":{"background-color":"var(--ast-global-color-5)","background-image":"","background-repeat":"repeat","background-position":"center center","background-size":"auto","background-attachment":"scroll","background-type":"","background-media":"","overlay-type":"","overlay-color":"","overlay-opacity":"","overlay-gradient":""},"tablet":{"background-color":"","background-image":"","background-repeat":"repeat","background-position":"center center","background-size":"auto","background-attachment":"scroll","background-type":"","background-media":"","overlay-type":"","overlay-color":"","overlay-opacity":"","overlay-gradient":""},"mobile":{"background-color":"","background-image":"","background-repeat":"repeat","background-position":"center center","background-size":"auto","background-attachment":"scroll","background-type":"","background-media":"","overlay-type":"","overlay-color":"","overlay-opacity":"","overlay-gradient":""}},"ast-content-background-meta":{"desktop":{"background-color":"var(--ast-global-color-4)","background-image":"","background-repeat":"repeat","background-position":"center center","background-size":"auto","background-attachment":"scroll","background-type":"","background-media":"","overlay-type":"","overlay-color":"","overlay-opacity":"","overlay-gradient":""},"tablet":{"background-color":"var(--ast-global-color-4)","background-image":"","background-repeat":"repeat","background-position":"center center","background-size":"auto","background-attachment":"scroll","background-type":"","background-media":"","overlay-type":"","overlay-color":"","overlay-opacity":"","overlay-gradient":""},"mobile":{"background-color":"var(--ast-global-color-4)","background-image":"","background-repeat":"repeat","background-position":"center center","background-size":"auto","background-attachment":"scroll","background-type":"","background-media":"","overlay-type":"","overlay-color":"","overlay-opacity":"","overlay-gradient":""}}},"product_brand":[],"product_cat":[79],"product_tag":[],"class_list":{"0":"post-3802","1":"product","2":"type-product","3":"status-publish","4":"has-post-thumbnail","6":"product_cat-livres","7":"desktop-align-left","8":"tablet-align-left","9":"mobile-align-left","11":"first","12":"instock","13":"taxable","14":"shipping-taxable","15":"purchasable","16":"product-type-simple"},"_links":{"self":[{"href":"https:\/\/moonbrewmagic.com\/fr\/wp-json\/wp\/v2\/product\/3802","targetHints":{"allow":["GET"]}}],"collection":[{"href":"https:\/\/moonbrewmagic.com\/fr\/wp-json\/wp\/v2\/product"}],"about":[{"href":"https:\/\/moonbrewmagic.com\/fr\/wp-json\/wp\/v2\/types\/product"}],"wp:featuredmedia":[{"embeddable":true,"href":"https:\/\/moonbrewmagic.com\/fr\/wp-json\/wp\/v2\/media\/1404"}],"wp:attachment":[{"href":"https:\/\/moonbrewmagic.com\/fr\/wp-json\/wp\/v2\/media?parent=3802"}],"wp:term":[{"taxonomy":"product_brand","embeddable":true,"href":"https:\/\/moonbrewmagic.com\/fr\/wp-json\/wp\/v2\/product_brand?post=3802"},{"taxonomy":"product_cat","embeddable":true,"href":"https:\/\/moonbrewmagic.com\/fr\/wp-json\/wp\/v2\/product_cat?post=3802"},{"taxonomy":"product_tag","embeddable":true,"href":"https:\/\/moonbrewmagic.com\/fr\/wp-json\/wp\/v2\/product_tag?post=3802"}],"curies":[{"name":"wp","href":"https:\/\/api.w.org\/{rel}","templated":true}]}}