{"id":3391,"date":"2026-01-24T20:48:59","date_gmt":"2026-01-24T20:48:59","guid":{"rendered":"https:\/\/moonbrewmagic.com\/product\/loracle-de-la-terre-et-du-ciel\/"},"modified":"2026-01-24T20:48:59","modified_gmt":"2026-01-24T20:48:59","slug":"loracle-de-la-terre-et-du-ciel","status":"publish","type":"product","link":"https:\/\/moonbrewmagic.com\/fr\/produit\/loracle-de-la-terre-et-du-ciel\/","title":{"rendered":"L&rsquo;oracle de la terre et du ciel"},"content":{"rendered":"<p><strong>L&rsquo;Oracle de la Terre et du Ciel<\/strong> allie la sagesse terrestre \u00e0 la perspicacit\u00e9 c\u00e9leste, en se concentrant sur l&rsquo;\u00e9quilibre entre le monde physique et la guidance sup\u00e9rieure. Les cartes explorent la nature, les \u00e9l\u00e9ments, les cycles et les \u00e9nergies cosmiques, offrant des messages \u00e0 la fois concrets et spirituels sur la croissance, l&rsquo;alignement, la synchronisation et l&rsquo;harmonie int\u00e9rieure. Ce jeu est calme, r\u00e9fl\u00e9chi et profond\u00e9ment intuitif. Il est id\u00e9al pour se centrer et comprendre comment les forces universelles influencent votre chemin.  <br \/><em>Id\u00e9al pour les lectures de mise \u00e0 la terre, l&rsquo;alignement spirituel, les cycles de vie et la connexion de l&rsquo;\u00e9nergie de la terre avec la conscience sup\u00e9rieure.<\/em><\/p>\n","protected":false},"excerpt":{"rendered":"<p>L&rsquo;Oracle de la Terre et du Ciel allie la sagesse terrestre \u00e0 la perspicacit\u00e9 c\u00e9leste, en se concentrant sur l&rsquo;\u00e9quilibre [&hellip;]<\/p>\n","protected":false},"featured_media":1500,"template":"","meta":{"site-sidebar-layout":"default","site-content-layout":"","ast-site-content-layout":"default","site-content-style":"default","site-sidebar-style":"default","ast-global-header-display":"","ast-banner-title-visibility":"","ast-main-header-display":"","ast-hfb-above-header-display":"","ast-hfb-below-header-display":"","ast-hfb-mobile-header-display":"","site-post-title":"","ast-breadcrumbs-content":"","ast-featured-img":"","footer-sml-layout":"","ast-disable-related-posts":"","theme-transparent-header-meta":"default","adv-header-id-meta":"","stick-header-meta":"","header-above-stick-meta":"","header-main-stick-meta":"","header-below-stick-meta":"","astra-migrate-meta-layouts":"default","ast-page-background-enabled":"default","ast-page-background-meta":{"desktop":{"background-color":"var(--ast-global-color-5)","background-image":"","background-repeat":"repeat","background-position":"center center","background-size":"auto","background-attachment":"scroll","background-type":"","background-media":"","overlay-type":"","overlay-color":"","overlay-opacity":"","overlay-gradient":""},"tablet":{"background-color":"","background-image":"","background-repeat":"repeat","background-position":"center center","background-size":"auto","background-attachment":"scroll","background-type":"","background-media":"","overlay-type":"","overlay-color":"","overlay-opacity":"","overlay-gradient":""},"mobile":{"background-color":"","background-image":"","background-repeat":"repeat","background-position":"center center","background-size":"auto","background-attachment":"scroll","background-type":"","background-media":"","overlay-type":"","overlay-color":"","overlay-opacity":"","overlay-gradient":""}},"ast-content-background-meta":{"desktop":{"background-color":"var(--ast-global-color-4)","background-image":"","background-repeat":"repeat","background-position":"center center","background-size":"auto","background-attachment":"scroll","background-type":"","background-media":"","overlay-type":"","overlay-color":"","overlay-opacity":"","overlay-gradient":""},"tablet":{"background-color":"var(--ast-global-color-4)","background-image":"","background-repeat":"repeat","background-position":"center center","background-size":"auto","background-attachment":"scroll","background-type":"","background-media":"","overlay-type":"","overlay-color":"","overlay-opacity":"","overlay-gradient":""},"mobile":{"background-color":"var(--ast-global-color-4)","background-image":"","background-repeat":"repeat","background-position":"center center","background-size":"auto","background-attachment":"scroll","background-type":"","background-media":"","overlay-type":"","overlay-color":"","overlay-opacity":"","overlay-gradient":""}}},"product_brand":[],"product_cat":[76],"product_tag":[],"class_list":{"0":"post-3391","1":"product","2":"type-product","3":"status-publish","4":"has-post-thumbnail","6":"wc_square_synced-yes","7":"product_cat-tarot-et-oracle","8":"desktop-align-left","9":"tablet-align-left","10":"mobile-align-left","12":"first","13":"instock","14":"taxable","15":"shipping-taxable","16":"purchasable","17":"product-type-simple"},"_links":{"self":[{"href":"https:\/\/moonbrewmagic.com\/fr\/wp-json\/wp\/v2\/product\/3391","targetHints":{"allow":["GET"]}}],"collection":[{"href":"https:\/\/moonbrewmagic.com\/fr\/wp-json\/wp\/v2\/product"}],"about":[{"href":"https:\/\/moonbrewmagic.com\/fr\/wp-json\/wp\/v2\/types\/product"}],"wp:featuredmedia":[{"embeddable":true,"href":"https:\/\/moonbrewmagic.com\/fr\/wp-json\/wp\/v2\/media\/1500"}],"wp:attachment":[{"href":"https:\/\/moonbrewmagic.com\/fr\/wp-json\/wp\/v2\/media?parent=3391"}],"wp:term":[{"taxonomy":"product_brand","embeddable":true,"href":"https:\/\/moonbrewmagic.com\/fr\/wp-json\/wp\/v2\/product_brand?post=3391"},{"taxonomy":"product_cat","embeddable":true,"href":"https:\/\/moonbrewmagic.com\/fr\/wp-json\/wp\/v2\/product_cat?post=3391"},{"taxonomy":"product_tag","embeddable":true,"href":"https:\/\/moonbrewmagic.com\/fr\/wp-json\/wp\/v2\/product_tag?post=3391"}],"curies":[{"name":"wp","href":"https:\/\/api.w.org\/{rel}","templated":true}]}}