{"id":2834,"date":"2026-01-24T19:52:33","date_gmt":"2026-01-24T19:52:33","guid":{"rendered":"https:\/\/moonbrewmagic.com\/product\/bain-de-trempage-new-moon\/"},"modified":"2026-01-24T19:52:33","modified_gmt":"2026-01-24T19:52:33","slug":"bain-de-trempage-new-moon","status":"publish","type":"product","link":"https:\/\/moonbrewmagic.com\/fr\/produit\/bain-de-trempage-new-moon\/","title":{"rendered":"Bain de trempage New Moon"},"content":{"rendered":"<p>En vous immergeant dans les eaux sacr\u00e9es impr\u00e9gn\u00e9es de l&rsquo;\u00e9nergie de la nouvelle lune, permettez-vous de lib\u00e9rer toute \u00e9nergie stagnante, toute \u00e9motion n\u00e9gative ou toute croyance limitante. L\u00e2chez le pass\u00e9 et embrassez les possibilit\u00e9s infinies du moment pr\u00e9sent, en sachant que vous avez le pouvoir de cr\u00e9er la vie que vous d\u00e9sirez. Compos\u00e9 d&rsquo;un m\u00e9lange harmonieux de sels riches en min\u00e9raux et de plantes revigorantes, notre bain New Moon Soak vous invite \u00e0 vous immerger dans un rituel de renouveau et de renaissance. Chaque ingr\u00e9dient est soigneusement s\u00e9lectionn\u00e9 pour s&rsquo;aligner sur l&rsquo;\u00e9nergie de la nouvelle lune, encourageant la purification, la manifestation et l&rsquo;\u00e9limination de ce qui ne vous sert plus.   <\/p>\n","protected":false},"excerpt":{"rendered":"<p>En vous immergeant dans les eaux sacr\u00e9es impr\u00e9gn\u00e9es de l&rsquo;\u00e9nergie de la nouvelle lune, permettez-vous de lib\u00e9rer toute \u00e9nergie stagnante, [&hellip;]<\/p>\n","protected":false},"featured_media":2379,"template":"","meta":{"site-sidebar-layout":"default","site-content-layout":"","ast-site-content-layout":"default","site-content-style":"default","site-sidebar-style":"default","ast-global-header-display":"","ast-banner-title-visibility":"","ast-main-header-display":"","ast-hfb-above-header-display":"","ast-hfb-below-header-display":"","ast-hfb-mobile-header-display":"","site-post-title":"","ast-breadcrumbs-content":"","ast-featured-img":"","footer-sml-layout":"","ast-disable-related-posts":"","theme-transparent-header-meta":"default","adv-header-id-meta":"","stick-header-meta":"","header-above-stick-meta":"","header-main-stick-meta":"","header-below-stick-meta":"","astra-migrate-meta-layouts":"default","ast-page-background-enabled":"default","ast-page-background-meta":{"desktop":{"background-color":"var(--ast-global-color-5)","background-image":"","background-repeat":"repeat","background-position":"center center","background-size":"auto","background-attachment":"scroll","background-type":"","background-media":"","overlay-type":"","overlay-color":"","overlay-opacity":"","overlay-gradient":""},"tablet":{"background-color":"","background-image":"","background-repeat":"repeat","background-position":"center center","background-size":"auto","background-attachment":"scroll","background-type":"","background-media":"","overlay-type":"","overlay-color":"","overlay-opacity":"","overlay-gradient":""},"mobile":{"background-color":"","background-image":"","background-repeat":"repeat","background-position":"center center","background-size":"auto","background-attachment":"scroll","background-type":"","background-media":"","overlay-type":"","overlay-color":"","overlay-opacity":"","overlay-gradient":""}},"ast-content-background-meta":{"desktop":{"background-color":"var(--ast-global-color-4)","background-image":"","background-repeat":"repeat","background-position":"center center","background-size":"auto","background-attachment":"scroll","background-type":"","background-media":"","overlay-type":"","overlay-color":"","overlay-opacity":"","overlay-gradient":""},"tablet":{"background-color":"var(--ast-global-color-4)","background-image":"","background-repeat":"repeat","background-position":"center center","background-size":"auto","background-attachment":"scroll","background-type":"","background-media":"","overlay-type":"","overlay-color":"","overlay-opacity":"","overlay-gradient":""},"mobile":{"background-color":"var(--ast-global-color-4)","background-image":"","background-repeat":"repeat","background-position":"center center","background-size":"auto","background-attachment":"scroll","background-type":"","background-media":"","overlay-type":"","overlay-color":"","overlay-opacity":"","overlay-gradient":""}}},"product_brand":[],"product_cat":[73],"product_tag":[],"class_list":{"0":"post-2834","1":"product","2":"type-product","3":"status-publish","4":"has-post-thumbnail","6":"wc_square_synced-yes","7":"product_cat-bains-rituels","8":"desktop-align-left","9":"tablet-align-left","10":"mobile-align-left","12":"first","13":"instock","14":"taxable","15":"shipping-taxable","16":"purchasable","17":"product-type-simple"},"_links":{"self":[{"href":"https:\/\/moonbrewmagic.com\/fr\/wp-json\/wp\/v2\/product\/2834","targetHints":{"allow":["GET"]}}],"collection":[{"href":"https:\/\/moonbrewmagic.com\/fr\/wp-json\/wp\/v2\/product"}],"about":[{"href":"https:\/\/moonbrewmagic.com\/fr\/wp-json\/wp\/v2\/types\/product"}],"wp:featuredmedia":[{"embeddable":true,"href":"https:\/\/moonbrewmagic.com\/fr\/wp-json\/wp\/v2\/media\/2379"}],"wp:attachment":[{"href":"https:\/\/moonbrewmagic.com\/fr\/wp-json\/wp\/v2\/media?parent=2834"}],"wp:term":[{"taxonomy":"product_brand","embeddable":true,"href":"https:\/\/moonbrewmagic.com\/fr\/wp-json\/wp\/v2\/product_brand?post=2834"},{"taxonomy":"product_cat","embeddable":true,"href":"https:\/\/moonbrewmagic.com\/fr\/wp-json\/wp\/v2\/product_cat?post=2834"},{"taxonomy":"product_tag","embeddable":true,"href":"https:\/\/moonbrewmagic.com\/fr\/wp-json\/wp\/v2\/product_tag?post=2834"}],"curies":[{"name":"wp","href":"https:\/\/api.w.org\/{rel}","templated":true}]}}